{"id":77,"date":"2019-11-24T17:42:45","date_gmt":"2019-11-24T16:42:45","guid":{"rendered":"http:\/\/herblaybasket.fr\/?page_id=77"},"modified":"2025-05-22T12:35:14","modified_gmt":"2025-05-22T11:35:14","slug":"partenaires","status":"publish","type":"page","link":"http:\/\/herblaybasket.fr\/?page_id=77","title":{"rendered":"Partenaires"},"content":{"rendered":"\t\t<div data-elementor-type=\"wp-page\" data-elementor-id=\"77\" class=\"elementor elementor-77\" data-elementor-post-type=\"page\">\n\t\t\t\t\t\t<section class=\"elementor-section elementor-top-section elementor-element elementor-element-41f15fdf elementor-section-boxed elementor-section-height-default elementor-section-height-default\" data-id=\"41f15fdf\" data-element_type=\"section\" data-e-type=\"section\">\n\t\t\t\t\t\t<div class=\"elementor-container elementor-column-gap-default\">\n\t\t\t\t\t<div class=\"elementor-column elementor-col-100 elementor-top-column elementor-element elementor-element-70f691dc\" data-id=\"70f691dc\" data-element_type=\"column\" data-e-type=\"column\">\n\t\t\t<div class=\"elementor-widget-wrap elementor-element-populated\">\n\t\t\t\t\t\t<div class=\"elementor-element elementor-element-7e767776 elementor-widget elementor-widget-text-editor\" data-id=\"7e767776\" data-element_type=\"widget\" data-e-type=\"widget\" data-widget_type=\"text-editor.default\">\n\t\t\t\t<div class=\"elementor-widget-container\">\n\t\t\t\t\t\t\t\t\t<p><\/p>\n<h2 style=\"text-align: center;\">\u00a0<\/h2>\n<p style=\"text-align: center;\"><strong>Pourquoi devenir partenaire du Herblay Basket Club ?<\/strong><\/p>\n<p><\/p>\n<p><\/p>\n<p>Pour s&rsquo;inscrire dans un projet d&rsquo;envergure, \u00e0 la fois sportif, \u00e9ducatif et social, \u00e0 destination des enfants<br \/>Pour gagner en visibilit\u00e9 et booster l&rsquo;image de votre entreprise, \u00e0 travers nos innovations, notre dynamisme et nos valeurs.<br \/>Toucher un large panel de consommateurs potentiels: familles, jeunes, sportifs, connect\u00e9s, sensibles aux tendances du march\u00e9\u2026<br \/>B\u00e9n\u00e9ficier d&rsquo;un avantage fiscal cons\u00e9quent, \u00e0 travers une r\u00e9duction d&rsquo;imp\u00f4ts allant de 60 \u00e0 75% du montant de votre don et en participant au d\u00e9veloppement du basket-ball dans la ville d&rsquo;Herblay.<\/p>\n<p><\/p>\n<p><\/p>\n<p><b><u>T\u00e9l\u00e9charger notre dossier de sponsoring pour l&rsquo;ann\u00e9e sportive 2024\/2025 : <br \/><\/u><\/b><\/p>\n<div>\u00a0<\/div>\n<div>\n<h1><a href=\"https:\/\/herblaybasket.fr\/wp-content\/uploads\/Dossier-Sponsoring-HBBC-2425-1.pdf\"><strong>Dossier Sponsoring HBBC 2425<\/strong><\/a><\/h1>\n<div>\u00a0<\/div>\n<\/div>\n<p>\u00a0<\/p>\n<p><\/p>\n<p><\/p>\n<div class=\"is-layout-flex wp-block-buttons-is-layout-flex\">\n<p><\/p>\n<p><\/p>\n<\/div>\n<p><\/p>\n<p><\/p>\n<p><\/p>\n<p><\/p>\n<h2 class=\"wp-block-heading\" style=\"color: #482a87;\"><strong><em>Nos Partenaires :<\/em><\/strong><\/h2>\n<p><\/p>\n<p><\/p>\n<div class=\"is-layout-flex wp-container-core-columns-is-layout-9d6595d7 wp-block-columns-is-layout-flex\">\n<p><\/p>\n<div class=\"is-layout-flow wp-block-column-is-layout-flow\">\n<p><\/p>\n<div>\u00a0<img decoding=\"async\" src=\"http:\/\/herblaybasket.fr\/wp-content\/uploads\/Cre\u0301dit-Mutuel-logo-min.png\" alt=\"\" width=\"270\" height=\"151\" \/><\/div>\n<\/div>\n<div>\n<div>\u00a0<\/div>\n<p><\/p>\n<p><\/p>\n<div class=\"is-layout-flex wp-container-core-columns-is-layout-9d6595d7 wp-block-columns-is-layout-flex\">\n<p><\/p>\n<div class=\"is-layout-flow wp-block-column-is-layout-flow\">\n<p><\/p>\n<p><img decoding=\"async\" src=\"http:\/\/herblaybasket.fr\/wp-content\/uploads\/compact-mark-rgb-block-bounding-box-1.jpeg\" alt=\"\" width=\"289\" height=\"108\" \/><\/p>\n<\/div>\n<\/div>\n<\/div>\n<\/div>\n<div>\n<div>\n<div>\n<div>\n<div>\u00a0<\/div>\n<p><\/p>\n<p><\/p>\n<div class=\"is-layout-flex wp-container-core-columns-is-layout-9d6595d7 wp-block-columns-is-layout-flex\">\n<p><\/p>\n<div class=\"is-layout-flow wp-block-column-is-layout-flow\">\u00a0<\/div>\n<p><\/p>\n<p><\/p>\n<div class=\"is-layout-flow wp-block-column-is-layout-flow\">\u00a0<\/div>\n<p><\/p>\n<\/div>\n<p><\/p>\n<\/div>\n<p><\/p>\n<\/div>\n<p><\/p>\n<\/div>\n<p><\/p>\n<\/div>\n<p><\/p>\n<p><\/p>\n<p><\/p>\t\t\t\t\t\t\t\t<\/div>\n\t\t\t\t<\/div>\n\t\t\t\t\t<\/div>\n\t\t<\/div>\n\t\t\t\t\t<\/div>\n\t\t<\/section>\n\t\t\t\t<\/div>\n\t\t","protected":false},"excerpt":{"rendered":"<div class=\"mh-excerpt\"><p>\u00a0 Pourquoi devenir partenaire du Herblay Basket Club ? Pour s&rsquo;inscrire dans un projet d&rsquo;envergure, \u00e0 la fois sportif, \u00e9ducatif et social, \u00e0 destination des <a class=\"mh-excerpt-more\" href=\"http:\/\/herblaybasket.fr\/?page_id=77\" title=\"Partenaires\">[&#8230;]<\/a><\/p>\n<\/div>","protected":false},"author":2,"featured_media":0,"parent":0,"menu_order":0,"comment_status":"closed","ping_status":"closed","template":"template-full.php","meta":{"cybocfi_hide_featured_image":"","footnotes":""},"class_list":["post-77","page","type-page","status-publish","hentry"],"yoast_head":"<!-- This site is optimized with the Yoast SEO plugin v27.5 - https:\/\/yoast.com\/product\/yoast-seo-wordpress\/ -->\n<title>Partenaires - Herblay Basketball Club<\/title>\n<meta name=\"robots\" content=\"index, follow, max-snippet:-1, max-image-preview:large, max-video-preview:-1\" \/>\n<link rel=\"canonical\" href=\"https:\/\/herblaybasket.fr\/?page_id=77\" \/>\n<meta property=\"og:locale\" content=\"fr_FR\" \/>\n<meta property=\"og:type\" content=\"article\" \/>\n<meta property=\"og:title\" content=\"Partenaires - Herblay Basketball Club\" \/>\n<meta property=\"og:description\" content=\"\u00a0 Pourquoi devenir partenaire du Herblay Basket Club ? Pour s&rsquo;inscrire dans un projet d&rsquo;envergure, \u00e0 la fois sportif, \u00e9ducatif et social, \u00e0 destination des [...]\" \/>\n<meta property=\"og:url\" content=\"https:\/\/herblaybasket.fr\/?page_id=77\" \/>\n<meta property=\"og:site_name\" content=\"Herblay Basketball Club\" \/>\n<meta property=\"article:modified_time\" content=\"2025-05-22T11:35:14+00:00\" \/>\n<meta property=\"og:image\" content=\"http:\/\/herblaybasket.fr\/wp-content\/uploads\/compact-mark-rgb-block-bounding-box-1.jpeg\" \/>\n<meta name=\"twitter:label1\" content=\"Dur\u00e9e de lecture estim\u00e9e\" \/>\n\t<meta name=\"twitter:data1\" content=\"1 minute\" \/>\n<script type=\"application\/ld+json\" class=\"yoast-schema-graph\">{\"@context\":\"https:\\\/\\\/schema.org\",\"@graph\":[{\"@type\":\"WebPage\",\"@id\":\"https:\\\/\\\/herblaybasket.fr\\\/?page_id=77\",\"url\":\"https:\\\/\\\/herblaybasket.fr\\\/?page_id=77\",\"name\":\"Partenaires - Herblay Basketball Club\",\"isPartOf\":{\"@id\":\"https:\\\/\\\/herblaybasket.fr\\\/#website\"},\"primaryImageOfPage\":{\"@id\":\"https:\\\/\\\/herblaybasket.fr\\\/?page_id=77#primaryimage\"},\"image\":{\"@id\":\"https:\\\/\\\/herblaybasket.fr\\\/?page_id=77#primaryimage\"},\"thumbnailUrl\":\"http:\\\/\\\/herblaybasket.fr\\\/wp-content\\\/uploads\\\/compact-mark-rgb-block-bounding-box-1.jpeg\",\"datePublished\":\"2019-11-24T16:42:45+00:00\",\"dateModified\":\"2025-05-22T11:35:14+00:00\",\"breadcrumb\":{\"@id\":\"https:\\\/\\\/herblaybasket.fr\\\/?page_id=77#breadcrumb\"},\"inLanguage\":\"fr-FR\",\"potentialAction\":[{\"@type\":\"ReadAction\",\"target\":[\"https:\\\/\\\/herblaybasket.fr\\\/?page_id=77\"]}]},{\"@type\":\"ImageObject\",\"inLanguage\":\"fr-FR\",\"@id\":\"https:\\\/\\\/herblaybasket.fr\\\/?page_id=77#primaryimage\",\"url\":\"http:\\\/\\\/herblaybasket.fr\\\/wp-content\\\/uploads\\\/compact-mark-rgb-block-bounding-box-1.jpeg\",\"contentUrl\":\"http:\\\/\\\/herblaybasket.fr\\\/wp-content\\\/uploads\\\/compact-mark-rgb-block-bounding-box-1.jpeg\",\"width\":2557,\"height\":964},{\"@type\":\"BreadcrumbList\",\"@id\":\"https:\\\/\\\/herblaybasket.fr\\\/?page_id=77#breadcrumb\",\"itemListElement\":[{\"@type\":\"ListItem\",\"position\":1,\"name\":\"Accueil\",\"item\":\"https:\\\/\\\/herblaybasket.fr\\\/\"},{\"@type\":\"ListItem\",\"position\":2,\"name\":\"Partenaires\"}]},{\"@type\":\"WebSite\",\"@id\":\"https:\\\/\\\/herblaybasket.fr\\\/#website\",\"url\":\"https:\\\/\\\/herblaybasket.fr\\\/\",\"name\":\"Herblay Basketball Club\",\"description\":\"Air Blay!\",\"publisher\":{\"@id\":\"https:\\\/\\\/herblaybasket.fr\\\/#organization\"},\"potentialAction\":[{\"@type\":\"SearchAction\",\"target\":{\"@type\":\"EntryPoint\",\"urlTemplate\":\"https:\\\/\\\/herblaybasket.fr\\\/?s={search_term_string}\"},\"query-input\":{\"@type\":\"PropertyValueSpecification\",\"valueRequired\":true,\"valueName\":\"search_term_string\"}}],\"inLanguage\":\"fr-FR\"},{\"@type\":\"Organization\",\"@id\":\"https:\\\/\\\/herblaybasket.fr\\\/#organization\",\"name\":\"Herblay Basketball Club\",\"url\":\"https:\\\/\\\/herblaybasket.fr\\\/\",\"logo\":{\"@type\":\"ImageObject\",\"inLanguage\":\"fr-FR\",\"@id\":\"https:\\\/\\\/herblaybasket.fr\\\/#\\\/schema\\\/logo\\\/image\\\/\",\"url\":\"http:\\\/\\\/herblaybasket.fr\\\/wp-content\\\/uploads\\\/cropped-cropped-LOGO-HBBC-1.png\",\"contentUrl\":\"http:\\\/\\\/herblaybasket.fr\\\/wp-content\\\/uploads\\\/cropped-cropped-LOGO-HBBC-1.png\",\"width\":200,\"height\":100,\"caption\":\"Herblay Basketball Club\"},\"image\":{\"@id\":\"https:\\\/\\\/herblaybasket.fr\\\/#\\\/schema\\\/logo\\\/image\\\/\"}}]}<\/script>\n<!-- \/ Yoast SEO plugin. -->","yoast_head_json":{"title":"Partenaires - Herblay Basketball Club","robots":{"index":"index","follow":"follow","max-snippet":"max-snippet:-1","max-image-preview":"max-image-preview:large","max-video-preview":"max-video-preview:-1"},"canonical":"https:\/\/herblaybasket.fr\/?page_id=77","og_locale":"fr_FR","og_type":"article","og_title":"Partenaires - Herblay Basketball Club","og_description":"\u00a0 Pourquoi devenir partenaire du Herblay Basket Club ? Pour s&rsquo;inscrire dans un projet d&rsquo;envergure, \u00e0 la fois sportif, \u00e9ducatif et social, \u00e0 destination des [...]","og_url":"https:\/\/herblaybasket.fr\/?page_id=77","og_site_name":"Herblay Basketball Club","article_modified_time":"2025-05-22T11:35:14+00:00","og_image":[{"url":"http:\/\/herblaybasket.fr\/wp-content\/uploads\/compact-mark-rgb-block-bounding-box-1.jpeg","type":"","width":"","height":""}],"twitter_misc":{"Dur\u00e9e de lecture estim\u00e9e":"1 minute"},"schema":{"@context":"https:\/\/schema.org","@graph":[{"@type":"WebPage","@id":"https:\/\/herblaybasket.fr\/?page_id=77","url":"https:\/\/herblaybasket.fr\/?page_id=77","name":"Partenaires - Herblay Basketball Club","isPartOf":{"@id":"https:\/\/herblaybasket.fr\/#website"},"primaryImageOfPage":{"@id":"https:\/\/herblaybasket.fr\/?page_id=77#primaryimage"},"image":{"@id":"https:\/\/herblaybasket.fr\/?page_id=77#primaryimage"},"thumbnailUrl":"http:\/\/herblaybasket.fr\/wp-content\/uploads\/compact-mark-rgb-block-bounding-box-1.jpeg","datePublished":"2019-11-24T16:42:45+00:00","dateModified":"2025-05-22T11:35:14+00:00","breadcrumb":{"@id":"https:\/\/herblaybasket.fr\/?page_id=77#breadcrumb"},"inLanguage":"fr-FR","potentialAction":[{"@type":"ReadAction","target":["https:\/\/herblaybasket.fr\/?page_id=77"]}]},{"@type":"ImageObject","inLanguage":"fr-FR","@id":"https:\/\/herblaybasket.fr\/?page_id=77#primaryimage","url":"http:\/\/herblaybasket.fr\/wp-content\/uploads\/compact-mark-rgb-block-bounding-box-1.jpeg","contentUrl":"http:\/\/herblaybasket.fr\/wp-content\/uploads\/compact-mark-rgb-block-bounding-box-1.jpeg","width":2557,"height":964},{"@type":"BreadcrumbList","@id":"https:\/\/herblaybasket.fr\/?page_id=77#breadcrumb","itemListElement":[{"@type":"ListItem","position":1,"name":"Accueil","item":"https:\/\/herblaybasket.fr\/"},{"@type":"ListItem","position":2,"name":"Partenaires"}]},{"@type":"WebSite","@id":"https:\/\/herblaybasket.fr\/#website","url":"https:\/\/herblaybasket.fr\/","name":"Herblay Basketball Club","description":"Air Blay!","publisher":{"@id":"https:\/\/herblaybasket.fr\/#organization"},"potentialAction":[{"@type":"SearchAction","target":{"@type":"EntryPoint","urlTemplate":"https:\/\/herblaybasket.fr\/?s={search_term_string}"},"query-input":{"@type":"PropertyValueSpecification","valueRequired":true,"valueName":"search_term_string"}}],"inLanguage":"fr-FR"},{"@type":"Organization","@id":"https:\/\/herblaybasket.fr\/#organization","name":"Herblay Basketball Club","url":"https:\/\/herblaybasket.fr\/","logo":{"@type":"ImageObject","inLanguage":"fr-FR","@id":"https:\/\/herblaybasket.fr\/#\/schema\/logo\/image\/","url":"http:\/\/herblaybasket.fr\/wp-content\/uploads\/cropped-cropped-LOGO-HBBC-1.png","contentUrl":"http:\/\/herblaybasket.fr\/wp-content\/uploads\/cropped-cropped-LOGO-HBBC-1.png","width":200,"height":100,"caption":"Herblay Basketball Club"},"image":{"@id":"https:\/\/herblaybasket.fr\/#\/schema\/logo\/image\/"}}]}},"_links":{"self":[{"href":"http:\/\/herblaybasket.fr\/index.php?rest_route=\/wp\/v2\/pages\/77","targetHints":{"allow":["GET"]}}],"collection":[{"href":"http:\/\/herblaybasket.fr\/index.php?rest_route=\/wp\/v2\/pages"}],"about":[{"href":"http:\/\/herblaybasket.fr\/index.php?rest_route=\/wp\/v2\/types\/page"}],"author":[{"embeddable":true,"href":"http:\/\/herblaybasket.fr\/index.php?rest_route=\/wp\/v2\/users\/2"}],"replies":[{"embeddable":true,"href":"http:\/\/herblaybasket.fr\/index.php?rest_route=%2Fwp%2Fv2%2Fcomments&post=77"}],"version-history":[{"count":45,"href":"http:\/\/herblaybasket.fr\/index.php?rest_route=\/wp\/v2\/pages\/77\/revisions"}],"predecessor-version":[{"id":3396,"href":"http:\/\/herblaybasket.fr\/index.php?rest_route=\/wp\/v2\/pages\/77\/revisions\/3396"}],"wp:attachment":[{"href":"http:\/\/herblaybasket.fr\/index.php?rest_route=%2Fwp%2Fv2%2Fmedia&parent=77"}],"curies":[{"name":"wp","href":"https:\/\/api.w.org\/{rel}","templated":true}]}}