{"id":1557,"date":"2022-09-23T10:19:21","date_gmt":"2022-09-23T09:19:21","guid":{"rendered":"http:\/\/herblaybasket.fr\/?page_id=1557"},"modified":"2024-12-20T17:51:59","modified_gmt":"2024-12-20T16:51:59","slug":"elementor-1557","status":"publish","type":"page","link":"https:\/\/herblaybasket.fr\/?page_id=1557","title":{"rendered":"V\u00e9t\u00e9rans"},"content":{"rendered":"\t\t<div data-elementor-type=\"wp-page\" data-elementor-id=\"1557\" class=\"elementor elementor-1557\" data-elementor-post-type=\"page\">\n\t\t\t\t\t\t<section class=\"elementor-section elementor-top-section elementor-element elementor-element-f528b57 elementor-section-boxed elementor-section-height-default elementor-section-height-default\" data-id=\"f528b57\" data-element_type=\"section\" data-e-type=\"section\">\n\t\t\t\t\t\t<div class=\"elementor-container elementor-column-gap-default\">\n\t\t\t\t\t<div class=\"elementor-column elementor-col-100 elementor-top-column elementor-element elementor-element-aac5fd4\" data-id=\"aac5fd4\" data-element_type=\"column\" data-e-type=\"column\">\n\t\t\t<div class=\"elementor-widget-wrap elementor-element-populated\">\n\t\t\t\t\t\t<div class=\"elementor-element elementor-element-e8065c8 elementor-widget elementor-widget-heading\" data-id=\"e8065c8\" data-element_type=\"widget\" data-e-type=\"widget\" data-widget_type=\"heading.default\">\n\t\t\t\t<div class=\"elementor-widget-container\">\n\t\t\t\t\t<h2 class=\"elementor-heading-title elementor-size-large\">V\u00c9T\u00c9RANS<\/h2>\t\t\t\t<\/div>\n\t\t\t\t<\/div>\n\t\t\t\t\t<\/div>\n\t\t<\/div>\n\t\t\t\t\t<\/div>\n\t\t<\/section>\n\t\t\t\t<section class=\"elementor-section elementor-top-section elementor-element elementor-element-4f656c3 elementor-section-boxed elementor-section-height-default elementor-section-height-default\" data-id=\"4f656c3\" data-element_type=\"section\" data-e-type=\"section\">\n\t\t\t\t\t\t<div class=\"elementor-container elementor-column-gap-default\">\n\t\t\t\t\t<div class=\"elementor-column elementor-col-100 elementor-top-column elementor-element elementor-element-af15957\" data-id=\"af15957\" data-element_type=\"column\" data-e-type=\"column\">\n\t\t\t<div class=\"elementor-widget-wrap elementor-element-populated\">\n\t\t\t\t\t\t<div class=\"elementor-element elementor-element-cbf85a0 elementor-widget-divider--view-line elementor-widget elementor-widget-divider\" data-id=\"cbf85a0\" data-element_type=\"widget\" data-e-type=\"widget\" data-widget_type=\"divider.default\">\n\t\t\t\t<div class=\"elementor-widget-container\">\n\t\t\t\t\t\t\t<div class=\"elementor-divider\">\n\t\t\t<span class=\"elementor-divider-separator\">\n\t\t\t\t\t\t<\/span>\n\t\t<\/div>\n\t\t\t\t\t\t<\/div>\n\t\t\t\t<\/div>\n\t\t\t\t\t<\/div>\n\t\t<\/div>\n\t\t\t\t\t<\/div>\n\t\t<\/section>\n\t\t\t\t<section class=\"elementor-section elementor-top-section elementor-element elementor-element-7e74cc4 elementor-section-boxed elementor-section-height-default elementor-section-height-default\" data-id=\"7e74cc4\" data-element_type=\"section\" data-e-type=\"section\">\n\t\t\t\t\t\t<div class=\"elementor-container elementor-column-gap-default\">\n\t\t\t\t\t<div class=\"elementor-column elementor-col-100 elementor-top-column elementor-element elementor-element-a3b3f1e\" data-id=\"a3b3f1e\" data-element_type=\"column\" data-e-type=\"column\">\n\t\t\t<div class=\"elementor-widget-wrap elementor-element-populated\">\n\t\t\t\t\t\t<div class=\"elementor-element elementor-element-35a46e5 elementor-widget elementor-widget-image\" data-id=\"35a46e5\" data-element_type=\"widget\" data-e-type=\"widget\" data-widget_type=\"image.default\">\n\t\t\t\t<div class=\"elementor-widget-container\">\n\t\t\t\t\t\t\t\t\t\t\t\t\t\t\t<img fetchpriority=\"high\" decoding=\"async\" width=\"1600\" height=\"1200\" src=\"https:\/\/herblaybasket.fr\/wp-content\/uploads\/WhatsApp-Image-2024-12-15-at-14.43.12.jpeg\" class=\"attachment-large size-large wp-image-3268\" alt=\"\" srcset=\"https:\/\/herblaybasket.fr\/wp-content\/uploads\/WhatsApp-Image-2024-12-15-at-14.43.12.jpeg 1600w, https:\/\/herblaybasket.fr\/wp-content\/uploads\/WhatsApp-Image-2024-12-15-at-14.43.12-768x576.jpeg 768w, https:\/\/herblaybasket.fr\/wp-content\/uploads\/WhatsApp-Image-2024-12-15-at-14.43.12-1536x1152.jpeg 1536w, https:\/\/herblaybasket.fr\/wp-content\/uploads\/WhatsApp-Image-2024-12-15-at-14.43.12-678x509.jpeg 678w, https:\/\/herblaybasket.fr\/wp-content\/uploads\/WhatsApp-Image-2024-12-15-at-14.43.12-326x245.jpeg 326w, https:\/\/herblaybasket.fr\/wp-content\/uploads\/WhatsApp-Image-2024-12-15-at-14.43.12-80x60.jpeg 80w\" sizes=\"(max-width: 1600px) 100vw, 1600px\" \/>\t\t\t\t\t\t\t\t\t\t\t\t\t\t\t<\/div>\n\t\t\t\t<\/div>\n\t\t\t\t\t<\/div>\n\t\t<\/div>\n\t\t\t\t\t<\/div>\n\t\t<\/section>\n\t\t\t\t<section class=\"elementor-section elementor-top-section elementor-element elementor-element-9a918d1 elementor-section-boxed elementor-section-height-default elementor-section-height-default\" data-id=\"9a918d1\" data-element_type=\"section\" data-e-type=\"section\">\n\t\t\t\t\t\t<div class=\"elementor-container elementor-column-gap-default\">\n\t\t\t\t\t<div class=\"elementor-column elementor-col-100 elementor-top-column elementor-element elementor-element-d0fad1e\" data-id=\"d0fad1e\" data-element_type=\"column\" data-e-type=\"column\">\n\t\t\t<div class=\"elementor-widget-wrap elementor-element-populated\">\n\t\t\t\t\t\t<div class=\"elementor-element elementor-element-2d8e663 elementor-widget elementor-widget-text-editor\" data-id=\"2d8e663\" data-element_type=\"widget\" data-e-type=\"widget\" data-widget_type=\"text-editor.default\">\n\t\t\t\t<div class=\"elementor-widget-container\">\n\t\t\t\t\t\t\t\t\t<p style=\"text-align: center;\"><strong>Coach Steeve\u00a0<\/strong><\/p><p style=\"text-align: center;\">Mercredi de 20h45 \u00e0 22h00<\/p><p style=\"text-align: center;\"><strong>&gt;&gt; Gymnase des Beauregards<\/strong>\u00a0<\/p><p style=\"text-align: center;\"><span style=\"color: var( --e-global-color-text );\">Samedi de 17h0<\/span><span style=\"color: var( --e-global-color-text );\">0 \u00e0 19h<\/span><\/p><p style=\"text-align: center;\"><strong>&gt;&gt; Gymnase de la Fontaines<\/strong>\u00a0<\/p>\t\t\t\t\t\t\t\t<\/div>\n\t\t\t\t<\/div>\n\t\t\t\t\t<\/div>\n\t\t<\/div>\n\t\t\t\t\t<\/div>\n\t\t<\/section>\n\t\t\t\t<section class=\"elementor-section elementor-top-section elementor-element elementor-element-4e0179f elementor-section-boxed elementor-section-height-default elementor-section-height-default\" data-id=\"4e0179f\" data-element_type=\"section\" data-e-type=\"section\">\n\t\t\t\t\t\t<div class=\"elementor-container elementor-column-gap-default\">\n\t\t\t\t\t<div class=\"elementor-column elementor-col-50 elementor-top-column elementor-element elementor-element-963a62f\" data-id=\"963a62f\" data-element_type=\"column\" data-e-type=\"column\">\n\t\t\t<div class=\"elementor-widget-wrap elementor-element-populated\">\n\t\t\t\t\t\t<div class=\"elementor-element elementor-element-aaf287c elementor-widget elementor-widget-heading\" data-id=\"aaf287c\" data-element_type=\"widget\" data-e-type=\"widget\" data-widget_type=\"heading.default\">\n\t\t\t\t<div class=\"elementor-widget-container\">\n\t\t\t\t\t<h2 class=\"elementor-heading-title elementor-size-default\">Gymnase des Beaurgards<\/h2>\t\t\t\t<\/div>\n\t\t\t\t<\/div>\n\t\t\t\t<div class=\"elementor-element elementor-element-3fbd62e elementor-widget elementor-widget-google_maps\" data-id=\"3fbd62e\" data-element_type=\"widget\" data-e-type=\"widget\" data-widget_type=\"google_maps.default\">\n\t\t\t\t<div class=\"elementor-widget-container\">\n\t\t\t\t\t\t\t<div class=\"elementor-custom-embed\">\n\t\t\t<iframe loading=\"lazy\"\n\t\t\t\t\tsrc=\"https:\/\/maps.google.com\/maps?q=Chemin%20de%20la%20Croix%20de%20Bois%2095220%20Herblay-sur-Seine&#038;t=m&#038;z=12&#038;output=embed&#038;iwloc=near\"\n\t\t\t\t\ttitle=\"Chemin de la Croix de Bois 95220 Herblay-sur-Seine\"\n\t\t\t\t\taria-label=\"Chemin de la Croix de Bois 95220 Herblay-sur-Seine\"\n\t\t\t><\/iframe>\n\t\t<\/div>\n\t\t\t\t\t\t<\/div>\n\t\t\t\t<\/div>\n\t\t\t\t\t<\/div>\n\t\t<\/div>\n\t\t\t\t<div class=\"elementor-column elementor-col-50 elementor-top-column elementor-element elementor-element-fadb631\" data-id=\"fadb631\" data-element_type=\"column\" data-e-type=\"column\">\n\t\t\t<div class=\"elementor-widget-wrap elementor-element-populated\">\n\t\t\t\t\t\t<div class=\"elementor-element elementor-element-1de39a7 elementor-widget elementor-widget-heading\" data-id=\"1de39a7\" data-element_type=\"widget\" data-e-type=\"widget\" data-widget_type=\"heading.default\">\n\t\t\t\t<div class=\"elementor-widget-container\">\n\t\t\t\t\t<h2 class=\"elementor-heading-title elementor-size-default\">Gymnase des Fontaines\u200b<\/h2>\t\t\t\t<\/div>\n\t\t\t\t<\/div>\n\t\t\t\t<div class=\"elementor-element elementor-element-4be2b15 elementor-widget elementor-widget-google_maps\" data-id=\"4be2b15\" data-element_type=\"widget\" data-e-type=\"widget\" data-widget_type=\"google_maps.default\">\n\t\t\t\t<div class=\"elementor-widget-container\">\n\t\t\t\t\t\t\t<div class=\"elementor-custom-embed\">\n\t\t\t<iframe loading=\"lazy\"\n\t\t\t\t\tsrc=\"https:\/\/maps.google.com\/maps?q=1%20rue%20Alexandre%20Dumas%2095220%20Herblay-sur-Seine&#038;t=m&#038;z=12&#038;output=embed&#038;iwloc=near\"\n\t\t\t\t\ttitle=\"1 rue Alexandre Dumas 95220 Herblay-sur-Seine\"\n\t\t\t\t\taria-label=\"1 rue Alexandre Dumas 95220 Herblay-sur-Seine\"\n\t\t\t><\/iframe>\n\t\t<\/div>\n\t\t\t\t\t\t<\/div>\n\t\t\t\t<\/div>\n\t\t\t\t\t<\/div>\n\t\t<\/div>\n\t\t\t\t\t<\/div>\n\t\t<\/section>\n\t\t\t\t<\/div>\n\t\t","protected":false},"excerpt":{"rendered":"<div class=\"mh-excerpt\"><p>V\u00c9T\u00c9RANS Coach Steeve\u00a0 Mercredi de 20h45 \u00e0 22h00 &gt;&gt; Gymnase des Beauregards\u00a0 Samedi de 17h00 \u00e0 19h &gt;&gt; Gymnase de la Fontaines\u00a0 Gymnase des Beaurgards <a class=\"mh-excerpt-more\" href=\"https:\/\/herblaybasket.fr\/?page_id=1557\" title=\"V\u00e9t\u00e9rans\">[&#8230;]<\/a><\/p>\n<\/div>","protected":false},"author":3,"featured_media":0,"parent":0,"menu_order":0,"comment_status":"closed","ping_status":"closed","template":"","meta":{"cybocfi_hide_featured_image":"","footnotes":""},"class_list":["post-1557","page","type-page","status-publish","hentry"],"yoast_head":"<!-- This site is optimized with the Yoast SEO plugin v27.5 - https:\/\/yoast.com\/product\/yoast-seo-wordpress\/ -->\n<title>V\u00e9t\u00e9rans - Herblay Basketball Club<\/title>\n<meta name=\"robots\" content=\"index, follow, max-snippet:-1, max-image-preview:large, max-video-preview:-1\" \/>\n<link rel=\"canonical\" href=\"http:\/\/herblaybasket.fr\/?page_id=1557\" \/>\n<meta property=\"og:locale\" content=\"fr_FR\" \/>\n<meta property=\"og:type\" content=\"article\" \/>\n<meta property=\"og:title\" content=\"V\u00e9t\u00e9rans - Herblay Basketball Club\" \/>\n<meta property=\"og:description\" content=\"V\u00c9T\u00c9RANS Coach Steeve\u00a0 Mercredi de 20h45 \u00e0 22h00 &gt;&gt; Gymnase des Beauregards\u00a0 Samedi de 17h00 \u00e0 19h &gt;&gt; Gymnase de la Fontaines\u00a0 Gymnase des Beaurgards [...]\" \/>\n<meta property=\"og:url\" content=\"http:\/\/herblaybasket.fr\/?page_id=1557\" \/>\n<meta property=\"og:site_name\" content=\"Herblay Basketball Club\" \/>\n<meta property=\"article:modified_time\" content=\"2024-12-20T16:51:59+00:00\" \/>\n<meta property=\"og:image\" content=\"https:\/\/herblaybasket.fr\/wp-content\/uploads\/WhatsApp-Image-2024-12-15-at-14.43.12.jpeg\" \/>\n<meta name=\"twitter:label1\" content=\"Dur\u00e9e de lecture estim\u00e9e\" \/>\n\t<meta name=\"twitter:data1\" content=\"1 minute\" \/>\n<script type=\"application\/ld+json\" class=\"yoast-schema-graph\">{\"@context\":\"https:\\\/\\\/schema.org\",\"@graph\":[{\"@type\":\"WebPage\",\"@id\":\"http:\\\/\\\/herblaybasket.fr\\\/?page_id=1557\",\"url\":\"http:\\\/\\\/herblaybasket.fr\\\/?page_id=1557\",\"name\":\"V\u00e9t\u00e9rans - Herblay Basketball Club\",\"isPartOf\":{\"@id\":\"http:\\\/\\\/herblaybasket.fr\\\/#website\"},\"primaryImageOfPage\":{\"@id\":\"http:\\\/\\\/herblaybasket.fr\\\/?page_id=1557#primaryimage\"},\"image\":{\"@id\":\"http:\\\/\\\/herblaybasket.fr\\\/?page_id=1557#primaryimage\"},\"thumbnailUrl\":\"https:\\\/\\\/herblaybasket.fr\\\/wp-content\\\/uploads\\\/WhatsApp-Image-2024-12-15-at-14.43.12.jpeg\",\"datePublished\":\"2022-09-23T09:19:21+00:00\",\"dateModified\":\"2024-12-20T16:51:59+00:00\",\"breadcrumb\":{\"@id\":\"http:\\\/\\\/herblaybasket.fr\\\/?page_id=1557#breadcrumb\"},\"inLanguage\":\"fr-FR\",\"potentialAction\":[{\"@type\":\"ReadAction\",\"target\":[\"http:\\\/\\\/herblaybasket.fr\\\/?page_id=1557\"]}]},{\"@type\":\"ImageObject\",\"inLanguage\":\"fr-FR\",\"@id\":\"http:\\\/\\\/herblaybasket.fr\\\/?page_id=1557#primaryimage\",\"url\":\"https:\\\/\\\/herblaybasket.fr\\\/wp-content\\\/uploads\\\/WhatsApp-Image-2024-12-15-at-14.43.12.jpeg\",\"contentUrl\":\"https:\\\/\\\/herblaybasket.fr\\\/wp-content\\\/uploads\\\/WhatsApp-Image-2024-12-15-at-14.43.12.jpeg\",\"width\":1600,\"height\":1200},{\"@type\":\"BreadcrumbList\",\"@id\":\"http:\\\/\\\/herblaybasket.fr\\\/?page_id=1557#breadcrumb\",\"itemListElement\":[{\"@type\":\"ListItem\",\"position\":1,\"name\":\"Accueil\",\"item\":\"http:\\\/\\\/herblaybasket.fr\\\/\"},{\"@type\":\"ListItem\",\"position\":2,\"name\":\"V\u00e9t\u00e9rans\"}]},{\"@type\":\"WebSite\",\"@id\":\"http:\\\/\\\/herblaybasket.fr\\\/#website\",\"url\":\"http:\\\/\\\/herblaybasket.fr\\\/\",\"name\":\"Herblay Basketball Club\",\"description\":\"Air Blay!\",\"publisher\":{\"@id\":\"http:\\\/\\\/herblaybasket.fr\\\/#organization\"},\"potentialAction\":[{\"@type\":\"SearchAction\",\"target\":{\"@type\":\"EntryPoint\",\"urlTemplate\":\"http:\\\/\\\/herblaybasket.fr\\\/?s={search_term_string}\"},\"query-input\":{\"@type\":\"PropertyValueSpecification\",\"valueRequired\":true,\"valueName\":\"search_term_string\"}}],\"inLanguage\":\"fr-FR\"},{\"@type\":\"Organization\",\"@id\":\"http:\\\/\\\/herblaybasket.fr\\\/#organization\",\"name\":\"Herblay Basketball Club\",\"url\":\"http:\\\/\\\/herblaybasket.fr\\\/\",\"logo\":{\"@type\":\"ImageObject\",\"inLanguage\":\"fr-FR\",\"@id\":\"http:\\\/\\\/herblaybasket.fr\\\/#\\\/schema\\\/logo\\\/image\\\/\",\"url\":\"https:\\\/\\\/herblaybasket.fr\\\/wp-content\\\/uploads\\\/cropped-cropped-LOGO-HBBC-1.png\",\"contentUrl\":\"https:\\\/\\\/herblaybasket.fr\\\/wp-content\\\/uploads\\\/cropped-cropped-LOGO-HBBC-1.png\",\"width\":200,\"height\":100,\"caption\":\"Herblay Basketball Club\"},\"image\":{\"@id\":\"http:\\\/\\\/herblaybasket.fr\\\/#\\\/schema\\\/logo\\\/image\\\/\"}}]}<\/script>\n<!-- \/ Yoast SEO plugin. -->","yoast_head_json":{"title":"V\u00e9t\u00e9rans - Herblay Basketball Club","robots":{"index":"index","follow":"follow","max-snippet":"max-snippet:-1","max-image-preview":"max-image-preview:large","max-video-preview":"max-video-preview:-1"},"canonical":"http:\/\/herblaybasket.fr\/?page_id=1557","og_locale":"fr_FR","og_type":"article","og_title":"V\u00e9t\u00e9rans - Herblay Basketball Club","og_description":"V\u00c9T\u00c9RANS Coach Steeve\u00a0 Mercredi de 20h45 \u00e0 22h00 &gt;&gt; Gymnase des Beauregards\u00a0 Samedi de 17h00 \u00e0 19h &gt;&gt; Gymnase de la Fontaines\u00a0 Gymnase des Beaurgards [...]","og_url":"http:\/\/herblaybasket.fr\/?page_id=1557","og_site_name":"Herblay Basketball Club","article_modified_time":"2024-12-20T16:51:59+00:00","og_image":[{"url":"https:\/\/herblaybasket.fr\/wp-content\/uploads\/WhatsApp-Image-2024-12-15-at-14.43.12.jpeg","type":"","width":"","height":""}],"twitter_misc":{"Dur\u00e9e de lecture estim\u00e9e":"1 minute"},"schema":{"@context":"https:\/\/schema.org","@graph":[{"@type":"WebPage","@id":"http:\/\/herblaybasket.fr\/?page_id=1557","url":"http:\/\/herblaybasket.fr\/?page_id=1557","name":"V\u00e9t\u00e9rans - Herblay Basketball Club","isPartOf":{"@id":"http:\/\/herblaybasket.fr\/#website"},"primaryImageOfPage":{"@id":"http:\/\/herblaybasket.fr\/?page_id=1557#primaryimage"},"image":{"@id":"http:\/\/herblaybasket.fr\/?page_id=1557#primaryimage"},"thumbnailUrl":"https:\/\/herblaybasket.fr\/wp-content\/uploads\/WhatsApp-Image-2024-12-15-at-14.43.12.jpeg","datePublished":"2022-09-23T09:19:21+00:00","dateModified":"2024-12-20T16:51:59+00:00","breadcrumb":{"@id":"http:\/\/herblaybasket.fr\/?page_id=1557#breadcrumb"},"inLanguage":"fr-FR","potentialAction":[{"@type":"ReadAction","target":["http:\/\/herblaybasket.fr\/?page_id=1557"]}]},{"@type":"ImageObject","inLanguage":"fr-FR","@id":"http:\/\/herblaybasket.fr\/?page_id=1557#primaryimage","url":"https:\/\/herblaybasket.fr\/wp-content\/uploads\/WhatsApp-Image-2024-12-15-at-14.43.12.jpeg","contentUrl":"https:\/\/herblaybasket.fr\/wp-content\/uploads\/WhatsApp-Image-2024-12-15-at-14.43.12.jpeg","width":1600,"height":1200},{"@type":"BreadcrumbList","@id":"http:\/\/herblaybasket.fr\/?page_id=1557#breadcrumb","itemListElement":[{"@type":"ListItem","position":1,"name":"Accueil","item":"http:\/\/herblaybasket.fr\/"},{"@type":"ListItem","position":2,"name":"V\u00e9t\u00e9rans"}]},{"@type":"WebSite","@id":"http:\/\/herblaybasket.fr\/#website","url":"http:\/\/herblaybasket.fr\/","name":"Herblay Basketball Club","description":"Air Blay!","publisher":{"@id":"http:\/\/herblaybasket.fr\/#organization"},"potentialAction":[{"@type":"SearchAction","target":{"@type":"EntryPoint","urlTemplate":"http:\/\/herblaybasket.fr\/?s={search_term_string}"},"query-input":{"@type":"PropertyValueSpecification","valueRequired":true,"valueName":"search_term_string"}}],"inLanguage":"fr-FR"},{"@type":"Organization","@id":"http:\/\/herblaybasket.fr\/#organization","name":"Herblay Basketball Club","url":"http:\/\/herblaybasket.fr\/","logo":{"@type":"ImageObject","inLanguage":"fr-FR","@id":"http:\/\/herblaybasket.fr\/#\/schema\/logo\/image\/","url":"https:\/\/herblaybasket.fr\/wp-content\/uploads\/cropped-cropped-LOGO-HBBC-1.png","contentUrl":"https:\/\/herblaybasket.fr\/wp-content\/uploads\/cropped-cropped-LOGO-HBBC-1.png","width":200,"height":100,"caption":"Herblay Basketball Club"},"image":{"@id":"http:\/\/herblaybasket.fr\/#\/schema\/logo\/image\/"}}]}},"_links":{"self":[{"href":"https:\/\/herblaybasket.fr\/index.php?rest_route=\/wp\/v2\/pages\/1557","targetHints":{"allow":["GET"]}}],"collection":[{"href":"https:\/\/herblaybasket.fr\/index.php?rest_route=\/wp\/v2\/pages"}],"about":[{"href":"https:\/\/herblaybasket.fr\/index.php?rest_route=\/wp\/v2\/types\/page"}],"author":[{"embeddable":true,"href":"https:\/\/herblaybasket.fr\/index.php?rest_route=\/wp\/v2\/users\/3"}],"replies":[{"embeddable":true,"href":"https:\/\/herblaybasket.fr\/index.php?rest_route=%2Fwp%2Fv2%2Fcomments&post=1557"}],"version-history":[{"count":55,"href":"https:\/\/herblaybasket.fr\/index.php?rest_route=\/wp\/v2\/pages\/1557\/revisions"}],"predecessor-version":[{"id":3271,"href":"https:\/\/herblaybasket.fr\/index.php?rest_route=\/wp\/v2\/pages\/1557\/revisions\/3271"}],"wp:attachment":[{"href":"https:\/\/herblaybasket.fr\/index.php?rest_route=%2Fwp%2Fv2%2Fmedia&parent=1557"}],"curies":[{"name":"wp","href":"https:\/\/api.w.org\/{rel}","templated":true}]}}