{"id":171,"date":"2020-03-08T22:53:48","date_gmt":"2020-03-08T21:53:48","guid":{"rendered":"http:\/\/herblaybasket.fr\/?page_id=171"},"modified":"2026-01-21T12:55:59","modified_gmt":"2026-01-21T11:55:59","slug":"u11","status":"publish","type":"page","link":"https:\/\/herblaybasket.fr\/?page_id=171","title":{"rendered":"U11 Gar\u00e7ons"},"content":{"rendered":"\t\t<div data-elementor-type=\"wp-page\" data-elementor-id=\"171\" class=\"elementor elementor-171\" data-elementor-post-type=\"page\">\n\t\t\t\t\t\t<section class=\"elementor-section elementor-top-section elementor-element elementor-element-0895113 elementor-section-boxed elementor-section-height-default elementor-section-height-default\" data-id=\"0895113\" data-element_type=\"section\" data-e-type=\"section\">\n\t\t\t\t\t\t<div class=\"elementor-container elementor-column-gap-default\">\n\t\t\t\t\t<div class=\"elementor-column elementor-col-100 elementor-top-column elementor-element elementor-element-e0f4293\" data-id=\"e0f4293\" data-element_type=\"column\" data-e-type=\"column\">\n\t\t\t<div class=\"elementor-widget-wrap elementor-element-populated\">\n\t\t\t\t\t\t<div class=\"elementor-element elementor-element-072fb21 elementor-widget elementor-widget-heading\" data-id=\"072fb21\" data-element_type=\"widget\" data-e-type=\"widget\" data-widget_type=\"heading.default\">\n\t\t\t\t<div class=\"elementor-widget-container\">\n\t\t\t\t\t<h2 class=\"elementor-heading-title elementor-size-large\">U11M1<\/h2>\t\t\t\t<\/div>\n\t\t\t\t<\/div>\n\t\t\t\t\t<\/div>\n\t\t<\/div>\n\t\t\t\t\t<\/div>\n\t\t<\/section>\n\t\t\t\t<section class=\"elementor-section elementor-top-section elementor-element elementor-element-8236a1e elementor-section-boxed elementor-section-height-default elementor-section-height-default\" data-id=\"8236a1e\" data-element_type=\"section\" data-e-type=\"section\">\n\t\t\t\t\t\t<div class=\"elementor-container elementor-column-gap-default\">\n\t\t\t\t\t<div class=\"elementor-column elementor-col-100 elementor-top-column elementor-element elementor-element-243db95\" data-id=\"243db95\" data-element_type=\"column\" data-e-type=\"column\">\n\t\t\t<div class=\"elementor-widget-wrap elementor-element-populated\">\n\t\t\t\t\t\t<div class=\"elementor-element elementor-element-f796427 elementor-widget-divider--view-line elementor-widget elementor-widget-divider\" data-id=\"f796427\" data-element_type=\"widget\" data-e-type=\"widget\" data-widget_type=\"divider.default\">\n\t\t\t\t<div class=\"elementor-widget-container\">\n\t\t\t\t\t\t\t<div class=\"elementor-divider\">\n\t\t\t<span class=\"elementor-divider-separator\">\n\t\t\t\t\t\t<\/span>\n\t\t<\/div>\n\t\t\t\t\t\t<\/div>\n\t\t\t\t<\/div>\n\t\t\t\t\t<\/div>\n\t\t<\/div>\n\t\t\t\t\t<\/div>\n\t\t<\/section>\n\t\t\t\t<section class=\"elementor-section elementor-top-section elementor-element elementor-element-aabe2d elementor-section-boxed elementor-section-height-default elementor-section-height-default\" data-id=\"aabe2d\" data-element_type=\"section\" data-e-type=\"section\">\n\t\t\t\t\t\t<div class=\"elementor-container elementor-column-gap-default\">\n\t\t\t\t\t<div class=\"elementor-column elementor-col-100 elementor-top-column elementor-element elementor-element-7f939662\" data-id=\"7f939662\" data-element_type=\"column\" data-e-type=\"column\">\n\t\t\t<div class=\"elementor-widget-wrap elementor-element-populated\">\n\t\t\t\t\t\t<div class=\"elementor-element elementor-element-45fa8742 elementor-widget elementor-widget-text-editor\" data-id=\"45fa8742\" data-element_type=\"widget\" data-e-type=\"widget\" data-widget_type=\"text-editor.default\">\n\t\t\t\t<div class=\"elementor-widget-container\">\n\t\t\t\t\t\t\t\t\t<figure class=\"wp-block-image size-full\"><\/figure>\n<p><!-- \/wp:image --><\/p>\n<p style=\"text-align: center;\"><span style=\"color: var( --e-global-color-text );\"><img fetchpriority=\"high\" decoding=\"async\" class=\"alignnone size-full wp-image-3438\" src=\"http:\/\/herblaybasket.fr\/wp-content\/uploads\/WhatsApp-Image-2025-12-14-at-15.35.35.jpeg\" alt=\"\" width=\"1204\" height=\"1600\" srcset=\"https:\/\/herblaybasket.fr\/wp-content\/uploads\/WhatsApp-Image-2025-12-14-at-15.35.35.jpeg 1204w, https:\/\/herblaybasket.fr\/wp-content\/uploads\/WhatsApp-Image-2025-12-14-at-15.35.35-768x1021.jpeg 768w, https:\/\/herblaybasket.fr\/wp-content\/uploads\/WhatsApp-Image-2025-12-14-at-15.35.35-1156x1536.jpeg 1156w\" sizes=\"(max-width: 1204px) 100vw, 1204px\" \/>Avec Coach Emilien\u00a0<\/span><\/p>\n<p style=\"text-align: center;\">U11 Gar\u00e7ons :<\/p>\n<p style=\"text-align: center;\">Mercredi de 18h \u00e0 19h15<br \/>Samedi de 10h15 \u00e0 11h45<\/p>\n<p style=\"text-align: center;\"><strong>\u00bb Gymnase des Naquettes<\/strong><\/p>\n<p><!-- \/wp:html --><\/p>\t\t\t\t\t\t\t\t<\/div>\n\t\t\t\t<\/div>\n\t\t\t\t\t<\/div>\n\t\t<\/div>\n\t\t\t\t\t<\/div>\n\t\t<\/section>\n\t\t\t\t<section class=\"elementor-section elementor-top-section elementor-element elementor-element-617cd45 elementor-section-boxed elementor-section-height-default elementor-section-height-default\" data-id=\"617cd45\" data-element_type=\"section\" data-e-type=\"section\">\n\t\t\t\t\t\t<div class=\"elementor-container elementor-column-gap-default\">\n\t\t\t\t\t<div class=\"elementor-column elementor-col-100 elementor-top-column elementor-element elementor-element-2e4ba01\" data-id=\"2e4ba01\" data-element_type=\"column\" data-e-type=\"column\">\n\t\t\t<div class=\"elementor-widget-wrap elementor-element-populated\">\n\t\t\t\t\t\t<div class=\"elementor-element elementor-element-8046231 elementor-widget elementor-widget-google_maps\" data-id=\"8046231\" data-element_type=\"widget\" data-e-type=\"widget\" data-widget_type=\"google_maps.default\">\n\t\t\t\t<div class=\"elementor-widget-container\">\n\t\t\t\t\t\t\t<div class=\"elementor-custom-embed\">\n\t\t\t<iframe loading=\"lazy\"\n\t\t\t\t\tsrc=\"https:\/\/maps.google.com\/maps?q=1%20rue%20Alexandre%20Dumas%2C%20Herblay&#038;t=m&#038;z=12&#038;output=embed&#038;iwloc=near\"\n\t\t\t\t\ttitle=\"1 rue Alexandre Dumas, Herblay\"\n\t\t\t\t\taria-label=\"1 rue Alexandre Dumas, Herblay\"\n\t\t\t><\/iframe>\n\t\t<\/div>\n\t\t\t\t\t\t<\/div>\n\t\t\t\t<\/div>\n\t\t\t\t\t<\/div>\n\t\t<\/div>\n\t\t\t\t\t<\/div>\n\t\t<\/section>\n\t\t\t\t<\/div>\n\t\t","protected":false},"excerpt":{"rendered":"<div class=\"mh-excerpt\"><p>U11M1 Avec Coach Emilien\u00a0 U11 Gar\u00e7ons : Mercredi de 18h \u00e0 19h15Samedi de 10h15 \u00e0 11h45 \u00bb Gymnase des Naquettes<\/p>\n<\/div>","protected":false},"author":2,"featured_media":1218,"parent":0,"menu_order":0,"comment_status":"closed","ping_status":"closed","template":"template-full.php","meta":{"cybocfi_hide_featured_image":"","footnotes":""},"class_list":["post-171","page","type-page","status-publish","has-post-thumbnail","hentry"],"yoast_head":"<!-- This site is optimized with the Yoast SEO plugin v27.5 - https:\/\/yoast.com\/product\/yoast-seo-wordpress\/ -->\n<title>U11 Gar\u00e7ons - Herblay Basketball Club<\/title>\n<meta name=\"robots\" content=\"index, follow, max-snippet:-1, max-image-preview:large, max-video-preview:-1\" \/>\n<link rel=\"canonical\" href=\"https:\/\/herblaybasket.fr\/?page_id=171\" \/>\n<meta property=\"og:locale\" content=\"fr_FR\" \/>\n<meta property=\"og:type\" content=\"article\" \/>\n<meta property=\"og:title\" content=\"U11 Gar\u00e7ons - Herblay Basketball Club\" \/>\n<meta property=\"og:description\" content=\"U11M1 Avec Coach Emilien\u00a0 U11 Gar\u00e7ons : Mercredi de 18h \u00e0 19h15Samedi de 10h15 \u00e0 11h45 \u00bb Gymnase des Naquettes\" \/>\n<meta property=\"og:url\" content=\"https:\/\/herblaybasket.fr\/?page_id=171\" \/>\n<meta property=\"og:site_name\" content=\"Herblay Basketball Club\" \/>\n<meta property=\"article:modified_time\" content=\"2026-01-21T11:55:59+00:00\" \/>\n<meta property=\"og:image\" content=\"https:\/\/herblaybasket.fr\/wp-content\/uploads\/P1000116-scaled.jpg\" \/>\n\t<meta property=\"og:image:width\" content=\"2560\" \/>\n\t<meta property=\"og:image:height\" content=\"1920\" \/>\n\t<meta property=\"og:image:type\" content=\"image\/jpeg\" \/>\n<meta name=\"twitter:label1\" content=\"Dur\u00e9e de lecture estim\u00e9e\" \/>\n\t<meta name=\"twitter:data1\" content=\"1 minute\" \/>\n<script type=\"application\/ld+json\" class=\"yoast-schema-graph\">{\"@context\":\"https:\\\/\\\/schema.org\",\"@graph\":[{\"@type\":\"WebPage\",\"@id\":\"https:\\\/\\\/herblaybasket.fr\\\/?page_id=171\",\"url\":\"https:\\\/\\\/herblaybasket.fr\\\/?page_id=171\",\"name\":\"U11 Gar\u00e7ons - Herblay Basketball Club\",\"isPartOf\":{\"@id\":\"http:\\\/\\\/herblaybasket.fr\\\/#website\"},\"primaryImageOfPage\":{\"@id\":\"https:\\\/\\\/herblaybasket.fr\\\/?page_id=171#primaryimage\"},\"image\":{\"@id\":\"https:\\\/\\\/herblaybasket.fr\\\/?page_id=171#primaryimage\"},\"thumbnailUrl\":\"https:\\\/\\\/herblaybasket.fr\\\/wp-content\\\/uploads\\\/P1000116-scaled.jpg\",\"datePublished\":\"2020-03-08T21:53:48+00:00\",\"dateModified\":\"2026-01-21T11:55:59+00:00\",\"breadcrumb\":{\"@id\":\"https:\\\/\\\/herblaybasket.fr\\\/?page_id=171#breadcrumb\"},\"inLanguage\":\"fr-FR\",\"potentialAction\":[{\"@type\":\"ReadAction\",\"target\":[\"https:\\\/\\\/herblaybasket.fr\\\/?page_id=171\"]}]},{\"@type\":\"ImageObject\",\"inLanguage\":\"fr-FR\",\"@id\":\"https:\\\/\\\/herblaybasket.fr\\\/?page_id=171#primaryimage\",\"url\":\"https:\\\/\\\/herblaybasket.fr\\\/wp-content\\\/uploads\\\/P1000116-scaled.jpg\",\"contentUrl\":\"https:\\\/\\\/herblaybasket.fr\\\/wp-content\\\/uploads\\\/P1000116-scaled.jpg\",\"width\":2560,\"height\":1920},{\"@type\":\"BreadcrumbList\",\"@id\":\"https:\\\/\\\/herblaybasket.fr\\\/?page_id=171#breadcrumb\",\"itemListElement\":[{\"@type\":\"ListItem\",\"position\":1,\"name\":\"Accueil\",\"item\":\"http:\\\/\\\/herblaybasket.fr\\\/\"},{\"@type\":\"ListItem\",\"position\":2,\"name\":\"U11 Gar\u00e7ons\"}]},{\"@type\":\"WebSite\",\"@id\":\"http:\\\/\\\/herblaybasket.fr\\\/#website\",\"url\":\"http:\\\/\\\/herblaybasket.fr\\\/\",\"name\":\"Herblay Basketball Club\",\"description\":\"Air Blay!\",\"publisher\":{\"@id\":\"http:\\\/\\\/herblaybasket.fr\\\/#organization\"},\"potentialAction\":[{\"@type\":\"SearchAction\",\"target\":{\"@type\":\"EntryPoint\",\"urlTemplate\":\"http:\\\/\\\/herblaybasket.fr\\\/?s={search_term_string}\"},\"query-input\":{\"@type\":\"PropertyValueSpecification\",\"valueRequired\":true,\"valueName\":\"search_term_string\"}}],\"inLanguage\":\"fr-FR\"},{\"@type\":\"Organization\",\"@id\":\"http:\\\/\\\/herblaybasket.fr\\\/#organization\",\"name\":\"Herblay Basketball Club\",\"url\":\"http:\\\/\\\/herblaybasket.fr\\\/\",\"logo\":{\"@type\":\"ImageObject\",\"inLanguage\":\"fr-FR\",\"@id\":\"http:\\\/\\\/herblaybasket.fr\\\/#\\\/schema\\\/logo\\\/image\\\/\",\"url\":\"https:\\\/\\\/herblaybasket.fr\\\/wp-content\\\/uploads\\\/cropped-cropped-LOGO-HBBC-1.png\",\"contentUrl\":\"https:\\\/\\\/herblaybasket.fr\\\/wp-content\\\/uploads\\\/cropped-cropped-LOGO-HBBC-1.png\",\"width\":200,\"height\":100,\"caption\":\"Herblay Basketball Club\"},\"image\":{\"@id\":\"http:\\\/\\\/herblaybasket.fr\\\/#\\\/schema\\\/logo\\\/image\\\/\"}}]}<\/script>\n<!-- \/ Yoast SEO plugin. -->","yoast_head_json":{"title":"U11 Gar\u00e7ons - Herblay Basketball Club","robots":{"index":"index","follow":"follow","max-snippet":"max-snippet:-1","max-image-preview":"max-image-preview:large","max-video-preview":"max-video-preview:-1"},"canonical":"https:\/\/herblaybasket.fr\/?page_id=171","og_locale":"fr_FR","og_type":"article","og_title":"U11 Gar\u00e7ons - Herblay Basketball Club","og_description":"U11M1 Avec Coach Emilien\u00a0 U11 Gar\u00e7ons : Mercredi de 18h \u00e0 19h15Samedi de 10h15 \u00e0 11h45 \u00bb Gymnase des Naquettes","og_url":"https:\/\/herblaybasket.fr\/?page_id=171","og_site_name":"Herblay Basketball Club","article_modified_time":"2026-01-21T11:55:59+00:00","og_image":[{"width":2560,"height":1920,"url":"https:\/\/herblaybasket.fr\/wp-content\/uploads\/P1000116-scaled.jpg","type":"image\/jpeg"}],"twitter_misc":{"Dur\u00e9e de lecture estim\u00e9e":"1 minute"},"schema":{"@context":"https:\/\/schema.org","@graph":[{"@type":"WebPage","@id":"https:\/\/herblaybasket.fr\/?page_id=171","url":"https:\/\/herblaybasket.fr\/?page_id=171","name":"U11 Gar\u00e7ons - Herblay Basketball Club","isPartOf":{"@id":"http:\/\/herblaybasket.fr\/#website"},"primaryImageOfPage":{"@id":"https:\/\/herblaybasket.fr\/?page_id=171#primaryimage"},"image":{"@id":"https:\/\/herblaybasket.fr\/?page_id=171#primaryimage"},"thumbnailUrl":"https:\/\/herblaybasket.fr\/wp-content\/uploads\/P1000116-scaled.jpg","datePublished":"2020-03-08T21:53:48+00:00","dateModified":"2026-01-21T11:55:59+00:00","breadcrumb":{"@id":"https:\/\/herblaybasket.fr\/?page_id=171#breadcrumb"},"inLanguage":"fr-FR","potentialAction":[{"@type":"ReadAction","target":["https:\/\/herblaybasket.fr\/?page_id=171"]}]},{"@type":"ImageObject","inLanguage":"fr-FR","@id":"https:\/\/herblaybasket.fr\/?page_id=171#primaryimage","url":"https:\/\/herblaybasket.fr\/wp-content\/uploads\/P1000116-scaled.jpg","contentUrl":"https:\/\/herblaybasket.fr\/wp-content\/uploads\/P1000116-scaled.jpg","width":2560,"height":1920},{"@type":"BreadcrumbList","@id":"https:\/\/herblaybasket.fr\/?page_id=171#breadcrumb","itemListElement":[{"@type":"ListItem","position":1,"name":"Accueil","item":"http:\/\/herblaybasket.fr\/"},{"@type":"ListItem","position":2,"name":"U11 Gar\u00e7ons"}]},{"@type":"WebSite","@id":"http:\/\/herblaybasket.fr\/#website","url":"http:\/\/herblaybasket.fr\/","name":"Herblay Basketball Club","description":"Air Blay!","publisher":{"@id":"http:\/\/herblaybasket.fr\/#organization"},"potentialAction":[{"@type":"SearchAction","target":{"@type":"EntryPoint","urlTemplate":"http:\/\/herblaybasket.fr\/?s={search_term_string}"},"query-input":{"@type":"PropertyValueSpecification","valueRequired":true,"valueName":"search_term_string"}}],"inLanguage":"fr-FR"},{"@type":"Organization","@id":"http:\/\/herblaybasket.fr\/#organization","name":"Herblay Basketball Club","url":"http:\/\/herblaybasket.fr\/","logo":{"@type":"ImageObject","inLanguage":"fr-FR","@id":"http:\/\/herblaybasket.fr\/#\/schema\/logo\/image\/","url":"https:\/\/herblaybasket.fr\/wp-content\/uploads\/cropped-cropped-LOGO-HBBC-1.png","contentUrl":"https:\/\/herblaybasket.fr\/wp-content\/uploads\/cropped-cropped-LOGO-HBBC-1.png","width":200,"height":100,"caption":"Herblay Basketball Club"},"image":{"@id":"http:\/\/herblaybasket.fr\/#\/schema\/logo\/image\/"}}]}},"_links":{"self":[{"href":"https:\/\/herblaybasket.fr\/index.php?rest_route=\/wp\/v2\/pages\/171","targetHints":{"allow":["GET"]}}],"collection":[{"href":"https:\/\/herblaybasket.fr\/index.php?rest_route=\/wp\/v2\/pages"}],"about":[{"href":"https:\/\/herblaybasket.fr\/index.php?rest_route=\/wp\/v2\/types\/page"}],"author":[{"embeddable":true,"href":"https:\/\/herblaybasket.fr\/index.php?rest_route=\/wp\/v2\/users\/2"}],"replies":[{"embeddable":true,"href":"https:\/\/herblaybasket.fr\/index.php?rest_route=%2Fwp%2Fv2%2Fcomments&post=171"}],"version-history":[{"count":46,"href":"https:\/\/herblaybasket.fr\/index.php?rest_route=\/wp\/v2\/pages\/171\/revisions"}],"predecessor-version":[{"id":3441,"href":"https:\/\/herblaybasket.fr\/index.php?rest_route=\/wp\/v2\/pages\/171\/revisions\/3441"}],"wp:featuredmedia":[{"embeddable":true,"href":"https:\/\/herblaybasket.fr\/index.php?rest_route=\/wp\/v2\/media\/1218"}],"wp:attachment":[{"href":"https:\/\/herblaybasket.fr\/index.php?rest_route=%2Fwp%2Fv2%2Fmedia&parent=171"}],"curies":[{"name":"wp","href":"https:\/\/api.w.org\/{rel}","templated":true}]}}