{"id":331,"date":"2020-07-02T19:28:39","date_gmt":"2020-07-02T18:28:39","guid":{"rendered":"http:\/\/herblaybasket.fr\/?page_id=331"},"modified":"2026-05-04T17:30:45","modified_gmt":"2026-05-04T16:30:45","slug":"inscriptions","status":"publish","type":"page","link":"https:\/\/herblaybasket.fr\/?page_id=331","title":{"rendered":"Inscriptions"},"content":{"rendered":"\t\t<div data-elementor-type=\"wp-page\" data-elementor-id=\"331\" class=\"elementor elementor-331\" data-elementor-post-type=\"page\">\n\t\t\t\t\t\t<section class=\"elementor-section elementor-top-section elementor-element elementor-element-07d1e17 elementor-section-boxed elementor-section-height-default elementor-section-height-default\" data-id=\"07d1e17\" data-element_type=\"section\" data-e-type=\"section\">\n\t\t\t\t\t\t<div class=\"elementor-container elementor-column-gap-default\">\n\t\t\t\t\t<div class=\"elementor-column elementor-col-100 elementor-top-column elementor-element elementor-element-d64d9a7\" data-id=\"d64d9a7\" data-element_type=\"column\" data-e-type=\"column\">\n\t\t\t<div class=\"elementor-widget-wrap elementor-element-populated\">\n\t\t\t\t\t\t<div class=\"elementor-element elementor-element-edb153b elementor-widget elementor-widget-heading\" data-id=\"edb153b\" data-element_type=\"widget\" data-e-type=\"widget\" data-widget_type=\"heading.default\">\n\t\t\t\t<div class=\"elementor-widget-container\">\n\t\t\t\t\t<h2 class=\"elementor-heading-title elementor-size-default\">INSCRIPTIONS 2026\/2027<\/h2>\t\t\t\t<\/div>\n\t\t\t\t<\/div>\n\t\t\t\t\t<\/div>\n\t\t<\/div>\n\t\t\t\t\t<\/div>\n\t\t<\/section>\n\t\t\t\t<section class=\"elementor-section elementor-top-section elementor-element elementor-element-721bbbf elementor-section-boxed elementor-section-height-default elementor-section-height-default\" data-id=\"721bbbf\" data-element_type=\"section\" data-e-type=\"section\">\n\t\t\t\t\t\t<div class=\"elementor-container elementor-column-gap-default\">\n\t\t\t\t\t<div class=\"elementor-column elementor-col-100 elementor-top-column elementor-element elementor-element-dfa10c4\" data-id=\"dfa10c4\" data-element_type=\"column\" data-e-type=\"column\">\n\t\t\t<div class=\"elementor-widget-wrap elementor-element-populated\">\n\t\t\t\t\t\t<div class=\"elementor-element elementor-element-a7d3913 elementor-widget elementor-widget-text-editor\" data-id=\"a7d3913\" data-element_type=\"widget\" data-e-type=\"widget\" data-widget_type=\"text-editor.default\">\n\t\t\t\t<div class=\"elementor-widget-container\">\n\t\t\t\t\t\t\t\t\t<p>Si vous souhaitez rejoindre notre club pour la saison 2026\/2027, vous pouvez d\u00e8s maintenant remplir ce formulaire :<\/p>\n<p><a href=\"https:\/\/forms.gle\/GnEdeEexN49E4riGA\" target=\"_blank\">FORMULAIRE SAISON 2026 \/ 2027<\/a><\/p>\n<div>&nbsp;L&rsquo;entraineur de l&rsquo;\u00e9quipe correspondante vous contactera pour participer \u00e0 une d\u00e9tection\/entrainement d&rsquo;essai sur les mois de mai\/juin 2026.<\/div>\n<p>L&rsquo;\u00e9quipe Herblay Basket Club<\/p>\t\t\t\t\t\t\t\t<\/div>\n\t\t\t\t<\/div>\n\t\t\t\t\t<\/div>\n\t\t<\/div>\n\t\t\t\t\t<\/div>\n\t\t<\/section>\n\t\t\t\t<\/div>\n\t\t","protected":false},"excerpt":{"rendered":"<div class=\"mh-excerpt\"><p>INSCRIPTIONS 2026\/2027 Si vous souhaitez rejoindre notre club pour la saison 2026\/2027, vous pouvez d\u00e8s maintenant remplir ce formulaire : FORMULAIRE SAISON 2026 \/ 2027 <a class=\"mh-excerpt-more\" href=\"https:\/\/herblaybasket.fr\/?page_id=331\" title=\"Inscriptions\">[&#8230;]<\/a><\/p>\n<\/div>","protected":false},"author":3,"featured_media":0,"parent":0,"menu_order":0,"comment_status":"closed","ping_status":"closed","template":"","meta":{"cybocfi_hide_featured_image":"","footnotes":""},"class_list":["post-331","page","type-page","status-publish","hentry"],"yoast_head":"<!-- This site is optimized with the Yoast SEO plugin v27.5 - https:\/\/yoast.com\/product\/yoast-seo-wordpress\/ -->\n<title>Inscriptions - Herblay Basketball Club<\/title>\n<meta name=\"description\" content=\"Une premi\u00e8re vague d&#039;inscriptions au HBBC est ouvert. Nous vous partageons avec vous les cr\u00e9neaux de la plupart des cat\u00e9gories.\" \/>\n<meta name=\"robots\" content=\"index, follow, max-snippet:-1, max-image-preview:large, max-video-preview:-1\" \/>\n<link rel=\"canonical\" href=\"https:\/\/herblaybasket.fr\/?page_id=331\" \/>\n<meta property=\"og:locale\" content=\"fr_FR\" \/>\n<meta property=\"og:type\" content=\"article\" \/>\n<meta property=\"og:title\" content=\"Inscriptions - Herblay Basketball Club\" \/>\n<meta property=\"og:description\" content=\"Une premi\u00e8re vague d&#039;inscriptions au HBBC est ouvert. Nous vous partageons avec vous les cr\u00e9neaux de la plupart des cat\u00e9gories.\" \/>\n<meta property=\"og:url\" content=\"https:\/\/herblaybasket.fr\/?page_id=331\" \/>\n<meta property=\"og:site_name\" content=\"Herblay Basketball Club\" \/>\n<meta property=\"article:modified_time\" content=\"2026-05-04T16:30:45+00:00\" \/>\n<meta name=\"twitter:label1\" content=\"Dur\u00e9e de lecture estim\u00e9e\" \/>\n\t<meta name=\"twitter:data1\" content=\"1 minute\" \/>\n<script type=\"application\/ld+json\" class=\"yoast-schema-graph\">{\"@context\":\"https:\\\/\\\/schema.org\",\"@graph\":[{\"@type\":\"WebPage\",\"@id\":\"https:\\\/\\\/herblaybasket.fr\\\/?page_id=331\",\"url\":\"https:\\\/\\\/herblaybasket.fr\\\/?page_id=331\",\"name\":\"Inscriptions - Herblay Basketball Club\",\"isPartOf\":{\"@id\":\"https:\\\/\\\/herblaybasket.fr\\\/#website\"},\"datePublished\":\"2020-07-02T18:28:39+00:00\",\"dateModified\":\"2026-05-04T16:30:45+00:00\",\"description\":\"Une premi\u00e8re vague d'inscriptions au HBBC est ouvert. Nous vous partageons avec vous les cr\u00e9neaux de la plupart des cat\u00e9gories.\",\"breadcrumb\":{\"@id\":\"https:\\\/\\\/herblaybasket.fr\\\/?page_id=331#breadcrumb\"},\"inLanguage\":\"fr-FR\",\"potentialAction\":[{\"@type\":\"ReadAction\",\"target\":[\"https:\\\/\\\/herblaybasket.fr\\\/?page_id=331\"]}]},{\"@type\":\"BreadcrumbList\",\"@id\":\"https:\\\/\\\/herblaybasket.fr\\\/?page_id=331#breadcrumb\",\"itemListElement\":[{\"@type\":\"ListItem\",\"position\":1,\"name\":\"Accueil\",\"item\":\"https:\\\/\\\/herblaybasket.fr\\\/\"},{\"@type\":\"ListItem\",\"position\":2,\"name\":\"Inscriptions\"}]},{\"@type\":\"WebSite\",\"@id\":\"https:\\\/\\\/herblaybasket.fr\\\/#website\",\"url\":\"https:\\\/\\\/herblaybasket.fr\\\/\",\"name\":\"Herblay Basketball Club\",\"description\":\"Air Blay!\",\"publisher\":{\"@id\":\"https:\\\/\\\/herblaybasket.fr\\\/#organization\"},\"potentialAction\":[{\"@type\":\"SearchAction\",\"target\":{\"@type\":\"EntryPoint\",\"urlTemplate\":\"https:\\\/\\\/herblaybasket.fr\\\/?s={search_term_string}\"},\"query-input\":{\"@type\":\"PropertyValueSpecification\",\"valueRequired\":true,\"valueName\":\"search_term_string\"}}],\"inLanguage\":\"fr-FR\"},{\"@type\":\"Organization\",\"@id\":\"https:\\\/\\\/herblaybasket.fr\\\/#organization\",\"name\":\"Herblay Basketball Club\",\"url\":\"https:\\\/\\\/herblaybasket.fr\\\/\",\"logo\":{\"@type\":\"ImageObject\",\"inLanguage\":\"fr-FR\",\"@id\":\"https:\\\/\\\/herblaybasket.fr\\\/#\\\/schema\\\/logo\\\/image\\\/\",\"url\":\"https:\\\/\\\/herblaybasket.fr\\\/wp-content\\\/uploads\\\/cropped-cropped-LOGO-HBBC-1.png\",\"contentUrl\":\"https:\\\/\\\/herblaybasket.fr\\\/wp-content\\\/uploads\\\/cropped-cropped-LOGO-HBBC-1.png\",\"width\":200,\"height\":100,\"caption\":\"Herblay Basketball Club\"},\"image\":{\"@id\":\"https:\\\/\\\/herblaybasket.fr\\\/#\\\/schema\\\/logo\\\/image\\\/\"}}]}<\/script>\n<!-- \/ Yoast SEO plugin. -->","yoast_head_json":{"title":"Inscriptions - Herblay Basketball Club","description":"Une premi\u00e8re vague d'inscriptions au HBBC est ouvert. Nous vous partageons avec vous les cr\u00e9neaux de la plupart des cat\u00e9gories.","robots":{"index":"index","follow":"follow","max-snippet":"max-snippet:-1","max-image-preview":"max-image-preview:large","max-video-preview":"max-video-preview:-1"},"canonical":"https:\/\/herblaybasket.fr\/?page_id=331","og_locale":"fr_FR","og_type":"article","og_title":"Inscriptions - Herblay Basketball Club","og_description":"Une premi\u00e8re vague d'inscriptions au HBBC est ouvert. Nous vous partageons avec vous les cr\u00e9neaux de la plupart des cat\u00e9gories.","og_url":"https:\/\/herblaybasket.fr\/?page_id=331","og_site_name":"Herblay Basketball Club","article_modified_time":"2026-05-04T16:30:45+00:00","twitter_misc":{"Dur\u00e9e de lecture estim\u00e9e":"1 minute"},"schema":{"@context":"https:\/\/schema.org","@graph":[{"@type":"WebPage","@id":"https:\/\/herblaybasket.fr\/?page_id=331","url":"https:\/\/herblaybasket.fr\/?page_id=331","name":"Inscriptions - Herblay Basketball Club","isPartOf":{"@id":"https:\/\/herblaybasket.fr\/#website"},"datePublished":"2020-07-02T18:28:39+00:00","dateModified":"2026-05-04T16:30:45+00:00","description":"Une premi\u00e8re vague d'inscriptions au HBBC est ouvert. Nous vous partageons avec vous les cr\u00e9neaux de la plupart des cat\u00e9gories.","breadcrumb":{"@id":"https:\/\/herblaybasket.fr\/?page_id=331#breadcrumb"},"inLanguage":"fr-FR","potentialAction":[{"@type":"ReadAction","target":["https:\/\/herblaybasket.fr\/?page_id=331"]}]},{"@type":"BreadcrumbList","@id":"https:\/\/herblaybasket.fr\/?page_id=331#breadcrumb","itemListElement":[{"@type":"ListItem","position":1,"name":"Accueil","item":"https:\/\/herblaybasket.fr\/"},{"@type":"ListItem","position":2,"name":"Inscriptions"}]},{"@type":"WebSite","@id":"https:\/\/herblaybasket.fr\/#website","url":"https:\/\/herblaybasket.fr\/","name":"Herblay Basketball Club","description":"Air Blay!","publisher":{"@id":"https:\/\/herblaybasket.fr\/#organization"},"potentialAction":[{"@type":"SearchAction","target":{"@type":"EntryPoint","urlTemplate":"https:\/\/herblaybasket.fr\/?s={search_term_string}"},"query-input":{"@type":"PropertyValueSpecification","valueRequired":true,"valueName":"search_term_string"}}],"inLanguage":"fr-FR"},{"@type":"Organization","@id":"https:\/\/herblaybasket.fr\/#organization","name":"Herblay Basketball Club","url":"https:\/\/herblaybasket.fr\/","logo":{"@type":"ImageObject","inLanguage":"fr-FR","@id":"https:\/\/herblaybasket.fr\/#\/schema\/logo\/image\/","url":"https:\/\/herblaybasket.fr\/wp-content\/uploads\/cropped-cropped-LOGO-HBBC-1.png","contentUrl":"https:\/\/herblaybasket.fr\/wp-content\/uploads\/cropped-cropped-LOGO-HBBC-1.png","width":200,"height":100,"caption":"Herblay Basketball Club"},"image":{"@id":"https:\/\/herblaybasket.fr\/#\/schema\/logo\/image\/"}}]}},"_links":{"self":[{"href":"https:\/\/herblaybasket.fr\/index.php?rest_route=\/wp\/v2\/pages\/331","targetHints":{"allow":["GET"]}}],"collection":[{"href":"https:\/\/herblaybasket.fr\/index.php?rest_route=\/wp\/v2\/pages"}],"about":[{"href":"https:\/\/herblaybasket.fr\/index.php?rest_route=\/wp\/v2\/types\/page"}],"author":[{"embeddable":true,"href":"https:\/\/herblaybasket.fr\/index.php?rest_route=\/wp\/v2\/users\/3"}],"replies":[{"embeddable":true,"href":"https:\/\/herblaybasket.fr\/index.php?rest_route=%2Fwp%2Fv2%2Fcomments&post=331"}],"version-history":[{"count":111,"href":"https:\/\/herblaybasket.fr\/index.php?rest_route=\/wp\/v2\/pages\/331\/revisions"}],"predecessor-version":[{"id":3491,"href":"https:\/\/herblaybasket.fr\/index.php?rest_route=\/wp\/v2\/pages\/331\/revisions\/3491"}],"wp:attachment":[{"href":"https:\/\/herblaybasket.fr\/index.php?rest_route=%2Fwp%2Fv2%2Fmedia&parent=331"}],"curies":[{"name":"wp","href":"https:\/\/api.w.org\/{rel}","templated":true}]}}