{"id":449,"date":"2020-10-22T12:43:16","date_gmt":"2020-10-22T11:43:16","guid":{"rendered":"http:\/\/herblaybasket.fr\/?page_id=449"},"modified":"2024-12-20T18:01:07","modified_gmt":"2024-12-20T17:01:07","slug":"u15","status":"publish","type":"page","link":"https:\/\/herblaybasket.fr\/?page_id=449","title":{"rendered":"U15 Gar\u00e7ons"},"content":{"rendered":"\t\t<div data-elementor-type=\"wp-page\" data-elementor-id=\"449\" class=\"elementor elementor-449\" data-elementor-post-type=\"page\">\n\t\t\t\t\t\t<section class=\"elementor-section elementor-top-section elementor-element elementor-element-78621a8 elementor-section-boxed elementor-section-height-default elementor-section-height-default\" data-id=\"78621a8\" data-element_type=\"section\" data-e-type=\"section\">\n\t\t\t\t\t\t<div class=\"elementor-container elementor-column-gap-default\">\n\t\t\t\t\t<div class=\"elementor-column elementor-col-100 elementor-top-column elementor-element elementor-element-0da02e2\" data-id=\"0da02e2\" data-element_type=\"column\" data-e-type=\"column\">\n\t\t\t<div class=\"elementor-widget-wrap elementor-element-populated\">\n\t\t\t\t\t\t<div class=\"elementor-element elementor-element-2c08d04 elementor-widget elementor-widget-heading\" data-id=\"2c08d04\" data-element_type=\"widget\" data-e-type=\"widget\" data-widget_type=\"heading.default\">\n\t\t\t\t<div class=\"elementor-widget-container\">\n\t\t\t\t\t<h2 class=\"elementor-heading-title elementor-size-large\">U15 Gar\u00e7ons <\/h2>\t\t\t\t<\/div>\n\t\t\t\t<\/div>\n\t\t\t\t\t<\/div>\n\t\t<\/div>\n\t\t\t\t\t<\/div>\n\t\t<\/section>\n\t\t\t\t<section class=\"elementor-section elementor-top-section elementor-element elementor-element-ea43575 elementor-section-boxed elementor-section-height-default elementor-section-height-default\" data-id=\"ea43575\" data-element_type=\"section\" data-e-type=\"section\">\n\t\t\t\t\t\t<div class=\"elementor-container elementor-column-gap-default\">\n\t\t\t\t\t<div class=\"elementor-column elementor-col-100 elementor-top-column elementor-element elementor-element-788ec9e\" data-id=\"788ec9e\" data-element_type=\"column\" data-e-type=\"column\">\n\t\t\t<div class=\"elementor-widget-wrap elementor-element-populated\">\n\t\t\t\t\t\t<div class=\"elementor-element elementor-element-8cca381 elementor-widget-divider--view-line elementor-widget elementor-widget-divider\" data-id=\"8cca381\" data-element_type=\"widget\" data-e-type=\"widget\" data-widget_type=\"divider.default\">\n\t\t\t\t<div class=\"elementor-widget-container\">\n\t\t\t\t\t\t\t<div class=\"elementor-divider\">\n\t\t\t<span class=\"elementor-divider-separator\">\n\t\t\t\t\t\t<\/span>\n\t\t<\/div>\n\t\t\t\t\t\t<\/div>\n\t\t\t\t<\/div>\n\t\t\t\t\t<\/div>\n\t\t<\/div>\n\t\t\t\t\t<\/div>\n\t\t<\/section>\n\t\t\t\t<section class=\"elementor-section elementor-top-section elementor-element elementor-element-5e04a2a6 elementor-section-boxed elementor-section-height-default elementor-section-height-default\" data-id=\"5e04a2a6\" data-element_type=\"section\" data-e-type=\"section\">\n\t\t\t\t\t\t<div class=\"elementor-container elementor-column-gap-default\">\n\t\t\t\t\t<div class=\"elementor-column elementor-col-100 elementor-top-column elementor-element elementor-element-13c414f6\" data-id=\"13c414f6\" data-element_type=\"column\" data-e-type=\"column\">\n\t\t\t<div class=\"elementor-widget-wrap elementor-element-populated\">\n\t\t\t\t\t\t<div class=\"elementor-element elementor-element-ce50915 elementor-widget elementor-widget-image\" data-id=\"ce50915\" data-element_type=\"widget\" data-e-type=\"widget\" data-widget_type=\"image.default\">\n\t\t\t\t<div class=\"elementor-widget-container\">\n\t\t\t\t\t\t\t\t\t\t\t\t\t\t\t<img fetchpriority=\"high\" decoding=\"async\" width=\"1536\" height=\"2048\" src=\"https:\/\/herblaybasket.fr\/wp-content\/uploads\/Photo-equipe-u15M.jpeg\" class=\"attachment-large size-large wp-image-3288\" alt=\"Photo e\u0301quipe u15M\" srcset=\"https:\/\/herblaybasket.fr\/wp-content\/uploads\/Photo-equipe-u15M.jpeg 1536w, https:\/\/herblaybasket.fr\/wp-content\/uploads\/Photo-equipe-u15M-768x1024.jpeg 768w, https:\/\/herblaybasket.fr\/wp-content\/uploads\/Photo-equipe-u15M-1152x1536.jpeg 1152w\" sizes=\"(max-width: 1536px) 100vw, 1536px\" \/>\t\t\t\t\t\t\t\t\t\t\t\t\t\t\t<\/div>\n\t\t\t\t<\/div>\n\t\t\t\t\t<\/div>\n\t\t<\/div>\n\t\t\t\t\t<\/div>\n\t\t<\/section>\n\t\t\t\t<section class=\"elementor-section elementor-top-section elementor-element elementor-element-77cf0a8 elementor-section-boxed elementor-section-height-default elementor-section-height-default\" data-id=\"77cf0a8\" data-element_type=\"section\" data-e-type=\"section\">\n\t\t\t\t\t\t<div class=\"elementor-container elementor-column-gap-default\">\n\t\t\t\t\t<div class=\"elementor-column elementor-col-100 elementor-top-column elementor-element elementor-element-06895fa\" data-id=\"06895fa\" data-element_type=\"column\" data-e-type=\"column\">\n\t\t\t<div class=\"elementor-widget-wrap elementor-element-populated\">\n\t\t\t\t\t\t<div class=\"elementor-element elementor-element-866a5e1 elementor-widget elementor-widget-text-editor\" data-id=\"866a5e1\" data-element_type=\"widget\" data-e-type=\"widget\" data-widget_type=\"text-editor.default\">\n\t\t\t\t<div class=\"elementor-widget-container\">\n\t\t\t\t\t\t\t\t\t<div class=\"wp-block-image\" style=\"text-align: center;\"><span style=\"color: var( --e-global-color-text );\">Avec Coach Cyril<\/span><\/div>\n<p style=\"text-align: center;\">U15 Gar\u00e7ons :<\/p>\n<p style=\"text-align: center;\">Lundi de 19H30 \u00e0 21H00<\/p>\n<p style=\"text-align: center;\"><strong>\u00bb Gymnase des Naquettes<\/strong><\/p>\n<p style=\"text-align: center;\">Mercredi de 19H15 \u00e0 20h45<\/p>\n<p style=\"text-align: center;\"><strong>\u00bb Gymnase des Beauregards<\/strong><\/p>\t\t\t\t\t\t\t\t<\/div>\n\t\t\t\t<\/div>\n\t\t\t\t\t<\/div>\n\t\t<\/div>\n\t\t\t\t\t<\/div>\n\t\t<\/section>\n\t\t\t\t<section class=\"elementor-section elementor-top-section elementor-element elementor-element-b6f067e elementor-section-boxed elementor-section-height-default elementor-section-height-default\" data-id=\"b6f067e\" data-element_type=\"section\" data-e-type=\"section\">\n\t\t\t\t\t\t<div class=\"elementor-container elementor-column-gap-default\">\n\t\t\t\t\t<div class=\"elementor-column elementor-col-50 elementor-top-column elementor-element elementor-element-ca14fe2\" data-id=\"ca14fe2\" data-element_type=\"column\" data-e-type=\"column\">\n\t\t\t<div class=\"elementor-widget-wrap elementor-element-populated\">\n\t\t\t\t\t\t<div class=\"elementor-element elementor-element-1ef0ca5 elementor-widget elementor-widget-heading\" data-id=\"1ef0ca5\" data-element_type=\"widget\" data-e-type=\"widget\" data-widget_type=\"heading.default\">\n\t\t\t\t<div class=\"elementor-widget-container\">\n\t\t\t\t\t<h2 class=\"elementor-heading-title elementor-size-default\">Gymnase des Naquettes<\/h2>\t\t\t\t<\/div>\n\t\t\t\t<\/div>\n\t\t\t\t<div class=\"elementor-element elementor-element-79eb9df elementor-widget elementor-widget-google_maps\" data-id=\"79eb9df\" data-element_type=\"widget\" data-e-type=\"widget\" data-widget_type=\"google_maps.default\">\n\t\t\t\t<div class=\"elementor-widget-container\">\n\t\t\t\t\t\t\t<div class=\"elementor-custom-embed\">\n\t\t\t<iframe loading=\"lazy\"\n\t\t\t\t\tsrc=\"https:\/\/maps.google.com\/maps?q=1%20rue%20Alexandre%20Dumas%2095220%20Herblay-sur-Seine&#038;t=m&#038;z=11&#038;output=embed&#038;iwloc=near\"\n\t\t\t\t\ttitle=\"1 rue Alexandre Dumas 95220 Herblay-sur-Seine\"\n\t\t\t\t\taria-label=\"1 rue Alexandre Dumas 95220 Herblay-sur-Seine\"\n\t\t\t><\/iframe>\n\t\t<\/div>\n\t\t\t\t\t\t<\/div>\n\t\t\t\t<\/div>\n\t\t\t\t\t<\/div>\n\t\t<\/div>\n\t\t\t\t<div class=\"elementor-column elementor-col-50 elementor-top-column elementor-element elementor-element-681d323\" data-id=\"681d323\" data-element_type=\"column\" data-e-type=\"column\">\n\t\t\t<div class=\"elementor-widget-wrap elementor-element-populated\">\n\t\t\t\t\t\t<div class=\"elementor-element elementor-element-80cbe20 elementor-widget elementor-widget-heading\" data-id=\"80cbe20\" data-element_type=\"widget\" data-e-type=\"widget\" data-widget_type=\"heading.default\">\n\t\t\t\t<div class=\"elementor-widget-container\">\n\t\t\t\t\t<h2 class=\"elementor-heading-title elementor-size-default\">Gymnase des Beauregards<\/h2>\t\t\t\t<\/div>\n\t\t\t\t<\/div>\n\t\t\t\t<div class=\"elementor-element elementor-element-c3765a5 elementor-widget elementor-widget-google_maps\" data-id=\"c3765a5\" data-element_type=\"widget\" data-e-type=\"widget\" data-widget_type=\"google_maps.default\">\n\t\t\t\t<div class=\"elementor-widget-container\">\n\t\t\t\t\t\t\t<div class=\"elementor-custom-embed\">\n\t\t\t<iframe loading=\"lazy\"\n\t\t\t\t\tsrc=\"https:\/\/maps.google.com\/maps?q=Chemin%20de%20la%20Croix%20de%20Bois%2095220%20Herblay-sur-Seine&#038;t=m&#038;z=11&#038;output=embed&#038;iwloc=near\"\n\t\t\t\t\ttitle=\"Chemin de la Croix de Bois 95220 Herblay-sur-Seine\"\n\t\t\t\t\taria-label=\"Chemin de la Croix de Bois 95220 Herblay-sur-Seine\"\n\t\t\t><\/iframe>\n\t\t<\/div>\n\t\t\t\t\t\t<\/div>\n\t\t\t\t<\/div>\n\t\t\t\t\t<\/div>\n\t\t<\/div>\n\t\t\t\t\t<\/div>\n\t\t<\/section>\n\t\t\t\t<\/div>\n\t\t","protected":false},"excerpt":{"rendered":"<div class=\"mh-excerpt\"><p>U15 Gar\u00e7ons Avec Coach Cyril U15 Gar\u00e7ons : Lundi de 19H30 \u00e0 21H00 \u00bb Gymnase des Naquettes Mercredi de 19H15 \u00e0 20h45 \u00bb Gymnase des <a class=\"mh-excerpt-more\" href=\"https:\/\/herblaybasket.fr\/?page_id=449\" title=\"U15 Gar\u00e7ons\">[&#8230;]<\/a><\/p>\n<\/div>","protected":false},"author":3,"featured_media":1229,"parent":0,"menu_order":0,"comment_status":"closed","ping_status":"closed","template":"template-full.php","meta":{"cybocfi_hide_featured_image":"","footnotes":""},"class_list":["post-449","page","type-page","status-publish","has-post-thumbnail","hentry"],"yoast_head":"<!-- This site is optimized with the Yoast SEO plugin v27.5 - https:\/\/yoast.com\/product\/yoast-seo-wordpress\/ -->\n<title>U15 Gar\u00e7ons - Herblay Basketball Club<\/title>\n<meta name=\"robots\" content=\"index, follow, max-snippet:-1, max-image-preview:large, max-video-preview:-1\" \/>\n<link rel=\"canonical\" href=\"https:\/\/herblaybasket.fr\/?page_id=449\" \/>\n<meta property=\"og:locale\" content=\"fr_FR\" \/>\n<meta property=\"og:type\" content=\"article\" \/>\n<meta property=\"og:title\" content=\"U15 Gar\u00e7ons - Herblay Basketball Club\" \/>\n<meta property=\"og:description\" content=\"U15 Gar\u00e7ons Avec Coach Cyril U15 Gar\u00e7ons : Lundi de 19H30 \u00e0 21H00 \u00bb Gymnase des Naquettes Mercredi de 19H15 \u00e0 20h45 \u00bb Gymnase des [...]\" \/>\n<meta property=\"og:url\" content=\"https:\/\/herblaybasket.fr\/?page_id=449\" \/>\n<meta property=\"og:site_name\" content=\"Herblay Basketball Club\" \/>\n<meta property=\"article:modified_time\" content=\"2024-12-20T17:01:07+00:00\" \/>\n<meta property=\"og:image\" content=\"https:\/\/herblaybasket.fr\/wp-content\/uploads\/P1000479-1-scaled.jpg\" \/>\n\t<meta property=\"og:image:width\" content=\"2560\" \/>\n\t<meta property=\"og:image:height\" content=\"1920\" \/>\n\t<meta property=\"og:image:type\" content=\"image\/jpeg\" \/>\n<meta name=\"twitter:label1\" content=\"Dur\u00e9e de lecture estim\u00e9e\" \/>\n\t<meta name=\"twitter:data1\" content=\"1 minute\" \/>\n<script type=\"application\/ld+json\" class=\"yoast-schema-graph\">{\"@context\":\"https:\\\/\\\/schema.org\",\"@graph\":[{\"@type\":\"WebPage\",\"@id\":\"https:\\\/\\\/herblaybasket.fr\\\/?page_id=449\",\"url\":\"https:\\\/\\\/herblaybasket.fr\\\/?page_id=449\",\"name\":\"U15 Gar\u00e7ons - Herblay Basketball Club\",\"isPartOf\":{\"@id\":\"https:\\\/\\\/herblaybasket.fr\\\/#website\"},\"primaryImageOfPage\":{\"@id\":\"https:\\\/\\\/herblaybasket.fr\\\/?page_id=449#primaryimage\"},\"image\":{\"@id\":\"https:\\\/\\\/herblaybasket.fr\\\/?page_id=449#primaryimage\"},\"thumbnailUrl\":\"https:\\\/\\\/herblaybasket.fr\\\/wp-content\\\/uploads\\\/P1000479-1-scaled.jpg\",\"datePublished\":\"2020-10-22T11:43:16+00:00\",\"dateModified\":\"2024-12-20T17:01:07+00:00\",\"breadcrumb\":{\"@id\":\"https:\\\/\\\/herblaybasket.fr\\\/?page_id=449#breadcrumb\"},\"inLanguage\":\"fr-FR\",\"potentialAction\":[{\"@type\":\"ReadAction\",\"target\":[\"https:\\\/\\\/herblaybasket.fr\\\/?page_id=449\"]}]},{\"@type\":\"ImageObject\",\"inLanguage\":\"fr-FR\",\"@id\":\"https:\\\/\\\/herblaybasket.fr\\\/?page_id=449#primaryimage\",\"url\":\"https:\\\/\\\/herblaybasket.fr\\\/wp-content\\\/uploads\\\/P1000479-1-scaled.jpg\",\"contentUrl\":\"https:\\\/\\\/herblaybasket.fr\\\/wp-content\\\/uploads\\\/P1000479-1-scaled.jpg\",\"width\":2560,\"height\":1920},{\"@type\":\"BreadcrumbList\",\"@id\":\"https:\\\/\\\/herblaybasket.fr\\\/?page_id=449#breadcrumb\",\"itemListElement\":[{\"@type\":\"ListItem\",\"position\":1,\"name\":\"Accueil\",\"item\":\"https:\\\/\\\/herblaybasket.fr\\\/\"},{\"@type\":\"ListItem\",\"position\":2,\"name\":\"U15 Gar\u00e7ons\"}]},{\"@type\":\"WebSite\",\"@id\":\"https:\\\/\\\/herblaybasket.fr\\\/#website\",\"url\":\"https:\\\/\\\/herblaybasket.fr\\\/\",\"name\":\"Herblay Basketball Club\",\"description\":\"Air Blay!\",\"publisher\":{\"@id\":\"https:\\\/\\\/herblaybasket.fr\\\/#organization\"},\"potentialAction\":[{\"@type\":\"SearchAction\",\"target\":{\"@type\":\"EntryPoint\",\"urlTemplate\":\"https:\\\/\\\/herblaybasket.fr\\\/?s={search_term_string}\"},\"query-input\":{\"@type\":\"PropertyValueSpecification\",\"valueRequired\":true,\"valueName\":\"search_term_string\"}}],\"inLanguage\":\"fr-FR\"},{\"@type\":\"Organization\",\"@id\":\"https:\\\/\\\/herblaybasket.fr\\\/#organization\",\"name\":\"Herblay Basketball Club\",\"url\":\"https:\\\/\\\/herblaybasket.fr\\\/\",\"logo\":{\"@type\":\"ImageObject\",\"inLanguage\":\"fr-FR\",\"@id\":\"https:\\\/\\\/herblaybasket.fr\\\/#\\\/schema\\\/logo\\\/image\\\/\",\"url\":\"https:\\\/\\\/herblaybasket.fr\\\/wp-content\\\/uploads\\\/cropped-cropped-LOGO-HBBC-1.png\",\"contentUrl\":\"https:\\\/\\\/herblaybasket.fr\\\/wp-content\\\/uploads\\\/cropped-cropped-LOGO-HBBC-1.png\",\"width\":200,\"height\":100,\"caption\":\"Herblay Basketball Club\"},\"image\":{\"@id\":\"https:\\\/\\\/herblaybasket.fr\\\/#\\\/schema\\\/logo\\\/image\\\/\"}}]}<\/script>\n<!-- \/ Yoast SEO plugin. -->","yoast_head_json":{"title":"U15 Gar\u00e7ons - Herblay Basketball Club","robots":{"index":"index","follow":"follow","max-snippet":"max-snippet:-1","max-image-preview":"max-image-preview:large","max-video-preview":"max-video-preview:-1"},"canonical":"https:\/\/herblaybasket.fr\/?page_id=449","og_locale":"fr_FR","og_type":"article","og_title":"U15 Gar\u00e7ons - Herblay Basketball Club","og_description":"U15 Gar\u00e7ons Avec Coach Cyril U15 Gar\u00e7ons : Lundi de 19H30 \u00e0 21H00 \u00bb Gymnase des Naquettes Mercredi de 19H15 \u00e0 20h45 \u00bb Gymnase des [...]","og_url":"https:\/\/herblaybasket.fr\/?page_id=449","og_site_name":"Herblay Basketball Club","article_modified_time":"2024-12-20T17:01:07+00:00","og_image":[{"width":2560,"height":1920,"url":"https:\/\/herblaybasket.fr\/wp-content\/uploads\/P1000479-1-scaled.jpg","type":"image\/jpeg"}],"twitter_misc":{"Dur\u00e9e de lecture estim\u00e9e":"1 minute"},"schema":{"@context":"https:\/\/schema.org","@graph":[{"@type":"WebPage","@id":"https:\/\/herblaybasket.fr\/?page_id=449","url":"https:\/\/herblaybasket.fr\/?page_id=449","name":"U15 Gar\u00e7ons - Herblay Basketball Club","isPartOf":{"@id":"https:\/\/herblaybasket.fr\/#website"},"primaryImageOfPage":{"@id":"https:\/\/herblaybasket.fr\/?page_id=449#primaryimage"},"image":{"@id":"https:\/\/herblaybasket.fr\/?page_id=449#primaryimage"},"thumbnailUrl":"https:\/\/herblaybasket.fr\/wp-content\/uploads\/P1000479-1-scaled.jpg","datePublished":"2020-10-22T11:43:16+00:00","dateModified":"2024-12-20T17:01:07+00:00","breadcrumb":{"@id":"https:\/\/herblaybasket.fr\/?page_id=449#breadcrumb"},"inLanguage":"fr-FR","potentialAction":[{"@type":"ReadAction","target":["https:\/\/herblaybasket.fr\/?page_id=449"]}]},{"@type":"ImageObject","inLanguage":"fr-FR","@id":"https:\/\/herblaybasket.fr\/?page_id=449#primaryimage","url":"https:\/\/herblaybasket.fr\/wp-content\/uploads\/P1000479-1-scaled.jpg","contentUrl":"https:\/\/herblaybasket.fr\/wp-content\/uploads\/P1000479-1-scaled.jpg","width":2560,"height":1920},{"@type":"BreadcrumbList","@id":"https:\/\/herblaybasket.fr\/?page_id=449#breadcrumb","itemListElement":[{"@type":"ListItem","position":1,"name":"Accueil","item":"https:\/\/herblaybasket.fr\/"},{"@type":"ListItem","position":2,"name":"U15 Gar\u00e7ons"}]},{"@type":"WebSite","@id":"https:\/\/herblaybasket.fr\/#website","url":"https:\/\/herblaybasket.fr\/","name":"Herblay Basketball Club","description":"Air Blay!","publisher":{"@id":"https:\/\/herblaybasket.fr\/#organization"},"potentialAction":[{"@type":"SearchAction","target":{"@type":"EntryPoint","urlTemplate":"https:\/\/herblaybasket.fr\/?s={search_term_string}"},"query-input":{"@type":"PropertyValueSpecification","valueRequired":true,"valueName":"search_term_string"}}],"inLanguage":"fr-FR"},{"@type":"Organization","@id":"https:\/\/herblaybasket.fr\/#organization","name":"Herblay Basketball Club","url":"https:\/\/herblaybasket.fr\/","logo":{"@type":"ImageObject","inLanguage":"fr-FR","@id":"https:\/\/herblaybasket.fr\/#\/schema\/logo\/image\/","url":"https:\/\/herblaybasket.fr\/wp-content\/uploads\/cropped-cropped-LOGO-HBBC-1.png","contentUrl":"https:\/\/herblaybasket.fr\/wp-content\/uploads\/cropped-cropped-LOGO-HBBC-1.png","width":200,"height":100,"caption":"Herblay Basketball Club"},"image":{"@id":"https:\/\/herblaybasket.fr\/#\/schema\/logo\/image\/"}}]}},"_links":{"self":[{"href":"https:\/\/herblaybasket.fr\/index.php?rest_route=\/wp\/v2\/pages\/449","targetHints":{"allow":["GET"]}}],"collection":[{"href":"https:\/\/herblaybasket.fr\/index.php?rest_route=\/wp\/v2\/pages"}],"about":[{"href":"https:\/\/herblaybasket.fr\/index.php?rest_route=\/wp\/v2\/types\/page"}],"author":[{"embeddable":true,"href":"https:\/\/herblaybasket.fr\/index.php?rest_route=\/wp\/v2\/users\/3"}],"replies":[{"embeddable":true,"href":"https:\/\/herblaybasket.fr\/index.php?rest_route=%2Fwp%2Fv2%2Fcomments&post=449"}],"version-history":[{"count":64,"href":"https:\/\/herblaybasket.fr\/index.php?rest_route=\/wp\/v2\/pages\/449\/revisions"}],"predecessor-version":[{"id":3291,"href":"https:\/\/herblaybasket.fr\/index.php?rest_route=\/wp\/v2\/pages\/449\/revisions\/3291"}],"wp:featuredmedia":[{"embeddable":true,"href":"https:\/\/herblaybasket.fr\/index.php?rest_route=\/wp\/v2\/media\/1229"}],"wp:attachment":[{"href":"https:\/\/herblaybasket.fr\/index.php?rest_route=%2Fwp%2Fv2%2Fmedia&parent=449"}],"curies":[{"name":"wp","href":"https:\/\/api.w.org\/{rel}","templated":true}]}}