{"id":52,"date":"2019-11-23T09:59:07","date_gmt":"2019-11-23T08:59:07","guid":{"rendered":"http:\/\/herblaybasket.fr\/?page_id=52"},"modified":"2026-05-04T17:36:58","modified_gmt":"2026-05-04T16:36:58","slug":"lhistoire","status":"publish","type":"page","link":"https:\/\/herblaybasket.fr\/?page_id=52","title":{"rendered":"L&rsquo;Histoire"},"content":{"rendered":"\t\t<div data-elementor-type=\"wp-page\" data-elementor-id=\"52\" class=\"elementor elementor-52\" data-elementor-post-type=\"page\">\n\t\t\t\t\t\t<section class=\"elementor-section elementor-top-section elementor-element elementor-element-160bca9f elementor-section-boxed elementor-section-height-default elementor-section-height-default\" data-id=\"160bca9f\" data-element_type=\"section\" data-e-type=\"section\">\n\t\t\t\t\t\t<div class=\"elementor-container elementor-column-gap-default\">\n\t\t\t\t\t<div class=\"elementor-column elementor-col-100 elementor-top-column elementor-element elementor-element-20c0f7f4\" data-id=\"20c0f7f4\" data-element_type=\"column\" data-e-type=\"column\">\n\t\t\t<div class=\"elementor-widget-wrap elementor-element-populated\">\n\t\t\t\t\t\t<div class=\"elementor-element elementor-element-6540cc4d elementor-widget elementor-widget-text-editor\" data-id=\"6540cc4d\" data-element_type=\"widget\" data-e-type=\"widget\" data-widget_type=\"text-editor.default\">\n\t\t\t\t<div class=\"elementor-widget-container\">\n\t\t\t\t\t\t\t\t\t<div class=\"storyline\">\n<p><strong>Le Herblay Basketball Club, HBBC<\/strong>, est une association loi 1901 affili\u00e9e \u00e0 la F\u00e9d\u00e9ration Fran\u00e7aise de Basket-ball (FFBB). L&rsquo;histoire du club d\u00e9bute en Septembre 2021 par les premiers pas de nos \u00e9quipes en championnat.\u00a0\u00a0<br \/>En seulement quelques ann\u00e9es le nombre de licenci\u00e9 du club est devenu tr\u00e8s important. <strong>Nous comptons aujourd&rsquo;hui 300 joueuses et joueurs de basket dans la Airblay Family.<\/strong><\/p>\n<p><strong> La volont\u00e9 de toujours faire grandir le club, de le d\u00e9velopper dans un esprit familial et convivial tout en transmettant nos valeurs de respect, entraide, partage, tol\u00e9rance et esprit d&rsquo;esprit nous anime.<\/strong><\/p>\n<p>Nos objectifs sont donc aussi bien sportifs que citoyens !<\/p>\n<p><strong>En 5 ans seulements, le club \u00e0 d\u00e9croch\u00e9 pas moins de 3 labels nationaux et 5 titres d\u00e9partementaux et r\u00e9gionaux.<\/strong><\/p>\n<p>Cela \u00e0 \u00e9t\u00e9 r\u00e9alis\u00e9 gr\u00e2ce \u00e0 l&rsquo;investissement sans faille des entraineurs et dirigeants qui sont peu nombreux mais tr\u00e8s d\u00e9vou\u00e9s et passionn\u00e9s.\u00a0<\/p>\n<p><strong style=\"color: #555;\">Si vous souhaitez vous investir dans la vie club, n\u2019h\u00e9sitez pas \u00e0<\/strong> <a title=\"Contact\" href=\"http:\/\/herblaybasket.fr\/contact\/\">nous contacter<\/a> <strong style=\"color: #555;\">nous avons besoin de b\u00e9n\u00e9voles !<\/strong><\/p>\n<\/div>\n<p><!-- \/wp:html --><\/p>\n<p><!-- wp:heading {\"textAlign\":\"center\"} --><\/p>\n<h2 class=\"has-text-align-center\"><strong>Revivez les meilleurs moments de la saison 2022-2023<\/strong><\/h2>\n<figure class=\"wp-block-embed is-type-video is-provider-youtube wp-block-embed-youtube wp-embed-aspect-16-9 wp-has-aspect-ratio\"><\/figure>\n<p><!-- \/wp:embed --><\/p>\t\t\t\t\t\t\t\t<\/div>\n\t\t\t\t<\/div>\n\t\t\t\t\t<\/div>\n\t\t<\/div>\n\t\t\t\t\t<\/div>\n\t\t<\/section>\n\t\t\t\t<section class=\"elementor-section elementor-top-section elementor-element elementor-element-82429c1 elementor-section-boxed elementor-section-height-default elementor-section-height-default\" data-id=\"82429c1\" data-element_type=\"section\" data-e-type=\"section\">\n\t\t\t\t\t\t<div class=\"elementor-container elementor-column-gap-default\">\n\t\t\t\t\t<div class=\"elementor-column elementor-col-100 elementor-top-column elementor-element elementor-element-b6dd576\" data-id=\"b6dd576\" data-element_type=\"column\" data-e-type=\"column\">\n\t\t\t<div class=\"elementor-widget-wrap elementor-element-populated\">\n\t\t\t\t\t\t<div class=\"elementor-element elementor-element-98a2df6 elementor-widget elementor-widget-video\" data-id=\"98a2df6\" data-element_type=\"widget\" data-e-type=\"widget\" data-settings=\"{&quot;youtube_url&quot;:&quot;https:\\\/\\\/www.youtube.com\\\/watch?v=_zVzP-1tsAQ&quot;,&quot;video_type&quot;:&quot;youtube&quot;,&quot;controls&quot;:&quot;yes&quot;}\" data-widget_type=\"video.default\">\n\t\t\t\t<div class=\"elementor-widget-container\">\n\t\t\t\t\t\t\t<div class=\"elementor-wrapper elementor-open-inline\">\n\t\t\t<div class=\"elementor-video\"><\/div>\t\t<\/div>\n\t\t\t\t\t\t<\/div>\n\t\t\t\t<\/div>\n\t\t\t\t\t<\/div>\n\t\t<\/div>\n\t\t\t\t\t<\/div>\n\t\t<\/section>\n\t\t\t\t<\/div>\n\t\t","protected":false},"excerpt":{"rendered":"<div class=\"mh-excerpt\"><p>Le Herblay Basketball Club, HBBC, est une association loi 1901 affili\u00e9e \u00e0 la F\u00e9d\u00e9ration Fran\u00e7aise de Basket-ball (FFBB). L&rsquo;histoire du club d\u00e9bute en Septembre 2021 <a class=\"mh-excerpt-more\" href=\"https:\/\/herblaybasket.fr\/?page_id=52\" title=\"L&rsquo;Histoire\">[&#8230;]<\/a><\/p>\n<\/div>","protected":false},"author":2,"featured_media":0,"parent":0,"menu_order":0,"comment_status":"closed","ping_status":"closed","template":"","meta":{"cybocfi_hide_featured_image":"","footnotes":""},"class_list":["post-52","page","type-page","status-publish","hentry"],"yoast_head":"<!-- This site is optimized with the Yoast SEO plugin v27.5 - https:\/\/yoast.com\/product\/yoast-seo-wordpress\/ -->\n<title>L&#039;Histoire - Herblay Basketball Club<\/title>\n<meta name=\"robots\" content=\"index, follow, max-snippet:-1, max-image-preview:large, max-video-preview:-1\" \/>\n<link rel=\"canonical\" href=\"https:\/\/herblaybasket.fr\/?page_id=52\" \/>\n<meta property=\"og:locale\" content=\"fr_FR\" \/>\n<meta property=\"og:type\" content=\"article\" \/>\n<meta property=\"og:title\" content=\"L&#039;Histoire - Herblay Basketball Club\" \/>\n<meta property=\"og:description\" content=\"Le Herblay Basketball Club, HBBC, est une association loi 1901 affili\u00e9e \u00e0 la F\u00e9d\u00e9ration Fran\u00e7aise de Basket-ball (FFBB). L&rsquo;histoire du club d\u00e9bute en Septembre 2021 [...]\" \/>\n<meta property=\"og:url\" content=\"https:\/\/herblaybasket.fr\/?page_id=52\" \/>\n<meta property=\"og:site_name\" content=\"Herblay Basketball Club\" \/>\n<meta property=\"article:modified_time\" content=\"2026-05-04T16:36:58+00:00\" \/>\n<meta name=\"twitter:label1\" content=\"Dur\u00e9e de lecture estim\u00e9e\" \/>\n\t<meta name=\"twitter:data1\" content=\"1 minute\" \/>\n<script type=\"application\/ld+json\" class=\"yoast-schema-graph\">{\"@context\":\"https:\\\/\\\/schema.org\",\"@graph\":[{\"@type\":\"WebPage\",\"@id\":\"https:\\\/\\\/herblaybasket.fr\\\/?page_id=52\",\"url\":\"https:\\\/\\\/herblaybasket.fr\\\/?page_id=52\",\"name\":\"L'Histoire - Herblay Basketball Club\",\"isPartOf\":{\"@id\":\"http:\\\/\\\/herblaybasket.fr\\\/#website\"},\"datePublished\":\"2019-11-23T08:59:07+00:00\",\"dateModified\":\"2026-05-04T16:36:58+00:00\",\"breadcrumb\":{\"@id\":\"https:\\\/\\\/herblaybasket.fr\\\/?page_id=52#breadcrumb\"},\"inLanguage\":\"fr-FR\",\"potentialAction\":[{\"@type\":\"ReadAction\",\"target\":[\"https:\\\/\\\/herblaybasket.fr\\\/?page_id=52\"]}]},{\"@type\":\"BreadcrumbList\",\"@id\":\"https:\\\/\\\/herblaybasket.fr\\\/?page_id=52#breadcrumb\",\"itemListElement\":[{\"@type\":\"ListItem\",\"position\":1,\"name\":\"Accueil\",\"item\":\"http:\\\/\\\/herblaybasket.fr\\\/\"},{\"@type\":\"ListItem\",\"position\":2,\"name\":\"L&rsquo;Histoire\"}]},{\"@type\":\"WebSite\",\"@id\":\"http:\\\/\\\/herblaybasket.fr\\\/#website\",\"url\":\"http:\\\/\\\/herblaybasket.fr\\\/\",\"name\":\"Herblay Basketball Club\",\"description\":\"Air Blay!\",\"publisher\":{\"@id\":\"http:\\\/\\\/herblaybasket.fr\\\/#organization\"},\"potentialAction\":[{\"@type\":\"SearchAction\",\"target\":{\"@type\":\"EntryPoint\",\"urlTemplate\":\"http:\\\/\\\/herblaybasket.fr\\\/?s={search_term_string}\"},\"query-input\":{\"@type\":\"PropertyValueSpecification\",\"valueRequired\":true,\"valueName\":\"search_term_string\"}}],\"inLanguage\":\"fr-FR\"},{\"@type\":\"Organization\",\"@id\":\"http:\\\/\\\/herblaybasket.fr\\\/#organization\",\"name\":\"Herblay Basketball Club\",\"url\":\"http:\\\/\\\/herblaybasket.fr\\\/\",\"logo\":{\"@type\":\"ImageObject\",\"inLanguage\":\"fr-FR\",\"@id\":\"http:\\\/\\\/herblaybasket.fr\\\/#\\\/schema\\\/logo\\\/image\\\/\",\"url\":\"https:\\\/\\\/herblaybasket.fr\\\/wp-content\\\/uploads\\\/cropped-cropped-LOGO-HBBC-1.png\",\"contentUrl\":\"https:\\\/\\\/herblaybasket.fr\\\/wp-content\\\/uploads\\\/cropped-cropped-LOGO-HBBC-1.png\",\"width\":200,\"height\":100,\"caption\":\"Herblay Basketball Club\"},\"image\":{\"@id\":\"http:\\\/\\\/herblaybasket.fr\\\/#\\\/schema\\\/logo\\\/image\\\/\"}}]}<\/script>\n<!-- \/ Yoast SEO plugin. -->","yoast_head_json":{"title":"L'Histoire - Herblay Basketball Club","robots":{"index":"index","follow":"follow","max-snippet":"max-snippet:-1","max-image-preview":"max-image-preview:large","max-video-preview":"max-video-preview:-1"},"canonical":"https:\/\/herblaybasket.fr\/?page_id=52","og_locale":"fr_FR","og_type":"article","og_title":"L'Histoire - Herblay Basketball Club","og_description":"Le Herblay Basketball Club, HBBC, est une association loi 1901 affili\u00e9e \u00e0 la F\u00e9d\u00e9ration Fran\u00e7aise de Basket-ball (FFBB). L&rsquo;histoire du club d\u00e9bute en Septembre 2021 [...]","og_url":"https:\/\/herblaybasket.fr\/?page_id=52","og_site_name":"Herblay Basketball Club","article_modified_time":"2026-05-04T16:36:58+00:00","twitter_misc":{"Dur\u00e9e de lecture estim\u00e9e":"1 minute"},"schema":{"@context":"https:\/\/schema.org","@graph":[{"@type":"WebPage","@id":"https:\/\/herblaybasket.fr\/?page_id=52","url":"https:\/\/herblaybasket.fr\/?page_id=52","name":"L'Histoire - Herblay Basketball Club","isPartOf":{"@id":"http:\/\/herblaybasket.fr\/#website"},"datePublished":"2019-11-23T08:59:07+00:00","dateModified":"2026-05-04T16:36:58+00:00","breadcrumb":{"@id":"https:\/\/herblaybasket.fr\/?page_id=52#breadcrumb"},"inLanguage":"fr-FR","potentialAction":[{"@type":"ReadAction","target":["https:\/\/herblaybasket.fr\/?page_id=52"]}]},{"@type":"BreadcrumbList","@id":"https:\/\/herblaybasket.fr\/?page_id=52#breadcrumb","itemListElement":[{"@type":"ListItem","position":1,"name":"Accueil","item":"http:\/\/herblaybasket.fr\/"},{"@type":"ListItem","position":2,"name":"L&rsquo;Histoire"}]},{"@type":"WebSite","@id":"http:\/\/herblaybasket.fr\/#website","url":"http:\/\/herblaybasket.fr\/","name":"Herblay Basketball Club","description":"Air Blay!","publisher":{"@id":"http:\/\/herblaybasket.fr\/#organization"},"potentialAction":[{"@type":"SearchAction","target":{"@type":"EntryPoint","urlTemplate":"http:\/\/herblaybasket.fr\/?s={search_term_string}"},"query-input":{"@type":"PropertyValueSpecification","valueRequired":true,"valueName":"search_term_string"}}],"inLanguage":"fr-FR"},{"@type":"Organization","@id":"http:\/\/herblaybasket.fr\/#organization","name":"Herblay Basketball Club","url":"http:\/\/herblaybasket.fr\/","logo":{"@type":"ImageObject","inLanguage":"fr-FR","@id":"http:\/\/herblaybasket.fr\/#\/schema\/logo\/image\/","url":"https:\/\/herblaybasket.fr\/wp-content\/uploads\/cropped-cropped-LOGO-HBBC-1.png","contentUrl":"https:\/\/herblaybasket.fr\/wp-content\/uploads\/cropped-cropped-LOGO-HBBC-1.png","width":200,"height":100,"caption":"Herblay Basketball Club"},"image":{"@id":"http:\/\/herblaybasket.fr\/#\/schema\/logo\/image\/"}}]}},"_links":{"self":[{"href":"https:\/\/herblaybasket.fr\/index.php?rest_route=\/wp\/v2\/pages\/52","targetHints":{"allow":["GET"]}}],"collection":[{"href":"https:\/\/herblaybasket.fr\/index.php?rest_route=\/wp\/v2\/pages"}],"about":[{"href":"https:\/\/herblaybasket.fr\/index.php?rest_route=\/wp\/v2\/types\/page"}],"author":[{"embeddable":true,"href":"https:\/\/herblaybasket.fr\/index.php?rest_route=\/wp\/v2\/users\/2"}],"replies":[{"embeddable":true,"href":"https:\/\/herblaybasket.fr\/index.php?rest_route=%2Fwp%2Fv2%2Fcomments&post=52"}],"version-history":[{"count":28,"href":"https:\/\/herblaybasket.fr\/index.php?rest_route=\/wp\/v2\/pages\/52\/revisions"}],"predecessor-version":[{"id":3494,"href":"https:\/\/herblaybasket.fr\/index.php?rest_route=\/wp\/v2\/pages\/52\/revisions\/3494"}],"wp:attachment":[{"href":"https:\/\/herblaybasket.fr\/index.php?rest_route=%2Fwp%2Fv2%2Fmedia&parent=52"}],"curies":[{"name":"wp","href":"https:\/\/api.w.org\/{rel}","templated":true}]}}