{"id":708,"date":"2021-06-03T12:54:00","date_gmt":"2021-06-03T11:54:00","guid":{"rendered":"http:\/\/herblaybasket.fr\/?page_id=708"},"modified":"2026-05-06T13:11:56","modified_gmt":"2026-05-06T12:11:56","slug":"u20-seniors-masculins","status":"publish","type":"page","link":"https:\/\/herblaybasket.fr\/?page_id=708","title":{"rendered":"U21 Gar\u00e7ons"},"content":{"rendered":"\t\t<div data-elementor-type=\"wp-page\" data-elementor-id=\"708\" class=\"elementor elementor-708\" data-elementor-post-type=\"page\">\n\t\t\t\t\t\t<section class=\"elementor-section elementor-top-section elementor-element elementor-element-6d31886 elementor-section-boxed elementor-section-height-default elementor-section-height-default\" data-id=\"6d31886\" data-element_type=\"section\" data-e-type=\"section\">\n\t\t\t\t\t\t<div class=\"elementor-container elementor-column-gap-default\">\n\t\t\t\t\t<div class=\"elementor-column elementor-col-100 elementor-top-column elementor-element elementor-element-ab5a4b4\" data-id=\"ab5a4b4\" data-element_type=\"column\" data-e-type=\"column\">\n\t\t\t<div class=\"elementor-widget-wrap elementor-element-populated\">\n\t\t\t\t\t\t<div class=\"elementor-element elementor-element-7519328 elementor-widget elementor-widget-heading\" data-id=\"7519328\" data-element_type=\"widget\" data-e-type=\"widget\" data-widget_type=\"heading.default\">\n\t\t\t\t<div class=\"elementor-widget-container\">\n\t\t\t\t\t<h2 class=\"elementor-heading-title elementor-size-large\">U20 Gar\u00e7ons <\/h2>\t\t\t\t<\/div>\n\t\t\t\t<\/div>\n\t\t\t\t\t<\/div>\n\t\t<\/div>\n\t\t\t\t\t<\/div>\n\t\t<\/section>\n\t\t\t\t<section class=\"elementor-section elementor-top-section elementor-element elementor-element-b2a549a elementor-section-boxed elementor-section-height-default elementor-section-height-default\" data-id=\"b2a549a\" data-element_type=\"section\" data-e-type=\"section\">\n\t\t\t\t\t\t<div class=\"elementor-container elementor-column-gap-default\">\n\t\t\t\t\t<div class=\"elementor-column elementor-col-100 elementor-top-column elementor-element elementor-element-eb49175\" data-id=\"eb49175\" data-element_type=\"column\" data-e-type=\"column\">\n\t\t\t<div class=\"elementor-widget-wrap elementor-element-populated\">\n\t\t\t\t\t\t<div class=\"elementor-element elementor-element-eeb0687 elementor-widget-divider--view-line elementor-widget elementor-widget-divider\" data-id=\"eeb0687\" data-element_type=\"widget\" data-e-type=\"widget\" data-widget_type=\"divider.default\">\n\t\t\t\t<div class=\"elementor-widget-container\">\n\t\t\t\t\t\t\t<div class=\"elementor-divider\">\n\t\t\t<span class=\"elementor-divider-separator\">\n\t\t\t\t\t\t<\/span>\n\t\t<\/div>\n\t\t\t\t\t\t<\/div>\n\t\t\t\t<\/div>\n\t\t\t\t\t<\/div>\n\t\t<\/div>\n\t\t\t\t\t<\/div>\n\t\t<\/section>\n\t\t\t\t<section class=\"elementor-section elementor-top-section elementor-element elementor-element-306f0d6a elementor-section-boxed elementor-section-height-default elementor-section-height-default\" data-id=\"306f0d6a\" data-element_type=\"section\" data-e-type=\"section\">\n\t\t\t\t\t\t<div class=\"elementor-container elementor-column-gap-default\">\n\t\t\t\t\t<div class=\"elementor-column elementor-col-100 elementor-top-column elementor-element elementor-element-bea8a6c\" data-id=\"bea8a6c\" data-element_type=\"column\" data-e-type=\"column\">\n\t\t\t<div class=\"elementor-widget-wrap elementor-element-populated\">\n\t\t\t\t\t\t<div class=\"elementor-element elementor-element-bbe014b elementor-widget elementor-widget-image\" data-id=\"bbe014b\" data-element_type=\"widget\" data-e-type=\"widget\" data-widget_type=\"image.default\">\n\t\t\t\t<div class=\"elementor-widget-container\">\n\t\t\t\t\t\t\t\t\t\t\t\t\t\t\t<img fetchpriority=\"high\" decoding=\"async\" width=\"1536\" height=\"2048\" src=\"https:\/\/herblaybasket.fr\/wp-content\/uploads\/WhatsApp-Image-2024-12-08-at-15.28.23.jpeg\" class=\"attachment-large size-large wp-image-3333\" alt=\"\" srcset=\"https:\/\/herblaybasket.fr\/wp-content\/uploads\/WhatsApp-Image-2024-12-08-at-15.28.23.jpeg 1536w, https:\/\/herblaybasket.fr\/wp-content\/uploads\/WhatsApp-Image-2024-12-08-at-15.28.23-768x1024.jpeg 768w, https:\/\/herblaybasket.fr\/wp-content\/uploads\/WhatsApp-Image-2024-12-08-at-15.28.23-1152x1536.jpeg 1152w\" sizes=\"(max-width: 1536px) 100vw, 1536px\" \/>\t\t\t\t\t\t\t\t\t\t\t\t\t\t\t<\/div>\n\t\t\t\t<\/div>\n\t\t\t\t<div class=\"elementor-element elementor-element-3043bc51 elementor-widget elementor-widget-text-editor\" data-id=\"3043bc51\" data-element_type=\"widget\" data-e-type=\"widget\" data-widget_type=\"text-editor.default\">\n\t\t\t\t<div class=\"elementor-widget-container\">\n\t\t\t\t\t\t\t\t\t<p><\/p>\n<p style=\"text-align: center;\">Coach Killian<\/p>\n<p style=\"text-align: center;\">U20 Gar\u00e7ons :<\/p>\n<p style=\"text-align: center;\">Mardi de 21h00 \u00e0 22H30<\/p>\n<p style=\"text-align: center;\">Vendredi de 21H00 \u00e0 22H30<\/p>\n<p style=\"text-align: center;\"><strong>\u00bb Gymnase des Naquettes<\/strong><\/p>\n<p><\/p>\t\t\t\t\t\t\t\t<\/div>\n\t\t\t\t<\/div>\n\t\t\t\t\t<\/div>\n\t\t<\/div>\n\t\t\t\t\t<\/div>\n\t\t<\/section>\n\t\t\t\t<section class=\"elementor-section elementor-top-section elementor-element elementor-element-b277a23 elementor-section-boxed elementor-section-height-default elementor-section-height-default\" data-id=\"b277a23\" data-element_type=\"section\" data-e-type=\"section\">\n\t\t\t\t\t\t<div class=\"elementor-container elementor-column-gap-default\">\n\t\t\t\t\t<div class=\"elementor-column elementor-col-100 elementor-top-column elementor-element elementor-element-ae274f1\" data-id=\"ae274f1\" data-element_type=\"column\" data-e-type=\"column\">\n\t\t\t<div class=\"elementor-widget-wrap elementor-element-populated\">\n\t\t\t\t\t\t<div class=\"elementor-element elementor-element-3e14a97 elementor-widget elementor-widget-google_maps\" data-id=\"3e14a97\" data-element_type=\"widget\" data-e-type=\"widget\" data-widget_type=\"google_maps.default\">\n\t\t\t\t<div class=\"elementor-widget-container\">\n\t\t\t\t\t\t\t<div class=\"elementor-custom-embed\">\n\t\t\t<iframe loading=\"lazy\"\n\t\t\t\t\tsrc=\"https:\/\/maps.google.com\/maps?q=1%20rue%20Alexandre%20Dumas%2C%20Herblay&#038;t=m&#038;z=11&#038;output=embed&#038;iwloc=near\"\n\t\t\t\t\ttitle=\"1 rue Alexandre Dumas, Herblay\"\n\t\t\t\t\taria-label=\"1 rue Alexandre Dumas, Herblay\"\n\t\t\t><\/iframe>\n\t\t<\/div>\n\t\t\t\t\t\t<\/div>\n\t\t\t\t<\/div>\n\t\t\t\t\t<\/div>\n\t\t<\/div>\n\t\t\t\t\t<\/div>\n\t\t<\/section>\n\t\t\t\t<\/div>\n\t\t","protected":false},"excerpt":{"rendered":"<div class=\"mh-excerpt\"><p>U20 Gar\u00e7ons Coach Killian U20 Gar\u00e7ons : Mardi de 21h00 \u00e0 22H30 Vendredi de 21H00 \u00e0 22H30 \u00bb Gymnase des Naquettes<\/p>\n<\/div>","protected":false},"author":3,"featured_media":0,"parent":0,"menu_order":0,"comment_status":"closed","ping_status":"closed","template":"","meta":{"cybocfi_hide_featured_image":"","footnotes":""},"class_list":["post-708","page","type-page","status-publish","hentry"],"yoast_head":"<!-- This site is optimized with the Yoast SEO plugin v27.5 - https:\/\/yoast.com\/product\/yoast-seo-wordpress\/ -->\n<title>U21 Gar\u00e7ons - Herblay Basketball Club<\/title>\n<meta name=\"robots\" content=\"index, follow, max-snippet:-1, max-image-preview:large, max-video-preview:-1\" \/>\n<link rel=\"canonical\" href=\"https:\/\/herblaybasket.fr\/?page_id=708\" \/>\n<meta property=\"og:locale\" content=\"fr_FR\" \/>\n<meta property=\"og:type\" content=\"article\" \/>\n<meta property=\"og:title\" content=\"U21 Gar\u00e7ons - Herblay Basketball Club\" \/>\n<meta property=\"og:description\" content=\"U20 Gar\u00e7ons Coach Killian U20 Gar\u00e7ons : Mardi de 21h00 \u00e0 22H30 Vendredi de 21H00 \u00e0 22H30 \u00bb Gymnase des Naquettes\" \/>\n<meta property=\"og:url\" content=\"https:\/\/herblaybasket.fr\/?page_id=708\" \/>\n<meta property=\"og:site_name\" content=\"Herblay Basketball Club\" \/>\n<meta property=\"article:modified_time\" content=\"2026-05-06T12:11:56+00:00\" \/>\n<meta property=\"og:image\" content=\"https:\/\/herblaybasket.fr\/wp-content\/uploads\/WhatsApp-Image-2024-12-08-at-15.28.23.jpeg\" \/>\n<meta name=\"twitter:label1\" content=\"Dur\u00e9e de lecture estim\u00e9e\" \/>\n\t<meta name=\"twitter:data1\" content=\"1 minute\" \/>\n<script type=\"application\/ld+json\" class=\"yoast-schema-graph\">{\"@context\":\"https:\\\/\\\/schema.org\",\"@graph\":[{\"@type\":\"WebPage\",\"@id\":\"https:\\\/\\\/herblaybasket.fr\\\/?page_id=708\",\"url\":\"https:\\\/\\\/herblaybasket.fr\\\/?page_id=708\",\"name\":\"U21 Gar\u00e7ons - Herblay Basketball Club\",\"isPartOf\":{\"@id\":\"https:\\\/\\\/herblaybasket.fr\\\/#website\"},\"primaryImageOfPage\":{\"@id\":\"https:\\\/\\\/herblaybasket.fr\\\/?page_id=708#primaryimage\"},\"image\":{\"@id\":\"https:\\\/\\\/herblaybasket.fr\\\/?page_id=708#primaryimage\"},\"thumbnailUrl\":\"https:\\\/\\\/herblaybasket.fr\\\/wp-content\\\/uploads\\\/WhatsApp-Image-2024-12-08-at-15.28.23.jpeg\",\"datePublished\":\"2021-06-03T11:54:00+00:00\",\"dateModified\":\"2026-05-06T12:11:56+00:00\",\"breadcrumb\":{\"@id\":\"https:\\\/\\\/herblaybasket.fr\\\/?page_id=708#breadcrumb\"},\"inLanguage\":\"fr-FR\",\"potentialAction\":[{\"@type\":\"ReadAction\",\"target\":[\"https:\\\/\\\/herblaybasket.fr\\\/?page_id=708\"]}]},{\"@type\":\"ImageObject\",\"inLanguage\":\"fr-FR\",\"@id\":\"https:\\\/\\\/herblaybasket.fr\\\/?page_id=708#primaryimage\",\"url\":\"https:\\\/\\\/herblaybasket.fr\\\/wp-content\\\/uploads\\\/WhatsApp-Image-2024-12-08-at-15.28.23.jpeg\",\"contentUrl\":\"https:\\\/\\\/herblaybasket.fr\\\/wp-content\\\/uploads\\\/WhatsApp-Image-2024-12-08-at-15.28.23.jpeg\"},{\"@type\":\"BreadcrumbList\",\"@id\":\"https:\\\/\\\/herblaybasket.fr\\\/?page_id=708#breadcrumb\",\"itemListElement\":[{\"@type\":\"ListItem\",\"position\":1,\"name\":\"Accueil\",\"item\":\"https:\\\/\\\/herblaybasket.fr\\\/\"},{\"@type\":\"ListItem\",\"position\":2,\"name\":\"U21 Gar\u00e7ons\"}]},{\"@type\":\"WebSite\",\"@id\":\"https:\\\/\\\/herblaybasket.fr\\\/#website\",\"url\":\"https:\\\/\\\/herblaybasket.fr\\\/\",\"name\":\"Herblay Basketball Club\",\"description\":\"Air Blay!\",\"publisher\":{\"@id\":\"https:\\\/\\\/herblaybasket.fr\\\/#organization\"},\"potentialAction\":[{\"@type\":\"SearchAction\",\"target\":{\"@type\":\"EntryPoint\",\"urlTemplate\":\"https:\\\/\\\/herblaybasket.fr\\\/?s={search_term_string}\"},\"query-input\":{\"@type\":\"PropertyValueSpecification\",\"valueRequired\":true,\"valueName\":\"search_term_string\"}}],\"inLanguage\":\"fr-FR\"},{\"@type\":\"Organization\",\"@id\":\"https:\\\/\\\/herblaybasket.fr\\\/#organization\",\"name\":\"Herblay Basketball Club\",\"url\":\"https:\\\/\\\/herblaybasket.fr\\\/\",\"logo\":{\"@type\":\"ImageObject\",\"inLanguage\":\"fr-FR\",\"@id\":\"https:\\\/\\\/herblaybasket.fr\\\/#\\\/schema\\\/logo\\\/image\\\/\",\"url\":\"https:\\\/\\\/herblaybasket.fr\\\/wp-content\\\/uploads\\\/cropped-cropped-LOGO-HBBC-1.png\",\"contentUrl\":\"https:\\\/\\\/herblaybasket.fr\\\/wp-content\\\/uploads\\\/cropped-cropped-LOGO-HBBC-1.png\",\"width\":200,\"height\":100,\"caption\":\"Herblay Basketball Club\"},\"image\":{\"@id\":\"https:\\\/\\\/herblaybasket.fr\\\/#\\\/schema\\\/logo\\\/image\\\/\"}}]}<\/script>\n<!-- \/ Yoast SEO plugin. -->","yoast_head_json":{"title":"U21 Gar\u00e7ons - Herblay Basketball Club","robots":{"index":"index","follow":"follow","max-snippet":"max-snippet:-1","max-image-preview":"max-image-preview:large","max-video-preview":"max-video-preview:-1"},"canonical":"https:\/\/herblaybasket.fr\/?page_id=708","og_locale":"fr_FR","og_type":"article","og_title":"U21 Gar\u00e7ons - Herblay Basketball Club","og_description":"U20 Gar\u00e7ons Coach Killian U20 Gar\u00e7ons : Mardi de 21h00 \u00e0 22H30 Vendredi de 21H00 \u00e0 22H30 \u00bb Gymnase des Naquettes","og_url":"https:\/\/herblaybasket.fr\/?page_id=708","og_site_name":"Herblay Basketball Club","article_modified_time":"2026-05-06T12:11:56+00:00","og_image":[{"url":"https:\/\/herblaybasket.fr\/wp-content\/uploads\/WhatsApp-Image-2024-12-08-at-15.28.23.jpeg","type":"","width":"","height":""}],"twitter_misc":{"Dur\u00e9e de lecture estim\u00e9e":"1 minute"},"schema":{"@context":"https:\/\/schema.org","@graph":[{"@type":"WebPage","@id":"https:\/\/herblaybasket.fr\/?page_id=708","url":"https:\/\/herblaybasket.fr\/?page_id=708","name":"U21 Gar\u00e7ons - Herblay Basketball Club","isPartOf":{"@id":"https:\/\/herblaybasket.fr\/#website"},"primaryImageOfPage":{"@id":"https:\/\/herblaybasket.fr\/?page_id=708#primaryimage"},"image":{"@id":"https:\/\/herblaybasket.fr\/?page_id=708#primaryimage"},"thumbnailUrl":"https:\/\/herblaybasket.fr\/wp-content\/uploads\/WhatsApp-Image-2024-12-08-at-15.28.23.jpeg","datePublished":"2021-06-03T11:54:00+00:00","dateModified":"2026-05-06T12:11:56+00:00","breadcrumb":{"@id":"https:\/\/herblaybasket.fr\/?page_id=708#breadcrumb"},"inLanguage":"fr-FR","potentialAction":[{"@type":"ReadAction","target":["https:\/\/herblaybasket.fr\/?page_id=708"]}]},{"@type":"ImageObject","inLanguage":"fr-FR","@id":"https:\/\/herblaybasket.fr\/?page_id=708#primaryimage","url":"https:\/\/herblaybasket.fr\/wp-content\/uploads\/WhatsApp-Image-2024-12-08-at-15.28.23.jpeg","contentUrl":"https:\/\/herblaybasket.fr\/wp-content\/uploads\/WhatsApp-Image-2024-12-08-at-15.28.23.jpeg"},{"@type":"BreadcrumbList","@id":"https:\/\/herblaybasket.fr\/?page_id=708#breadcrumb","itemListElement":[{"@type":"ListItem","position":1,"name":"Accueil","item":"https:\/\/herblaybasket.fr\/"},{"@type":"ListItem","position":2,"name":"U21 Gar\u00e7ons"}]},{"@type":"WebSite","@id":"https:\/\/herblaybasket.fr\/#website","url":"https:\/\/herblaybasket.fr\/","name":"Herblay Basketball Club","description":"Air Blay!","publisher":{"@id":"https:\/\/herblaybasket.fr\/#organization"},"potentialAction":[{"@type":"SearchAction","target":{"@type":"EntryPoint","urlTemplate":"https:\/\/herblaybasket.fr\/?s={search_term_string}"},"query-input":{"@type":"PropertyValueSpecification","valueRequired":true,"valueName":"search_term_string"}}],"inLanguage":"fr-FR"},{"@type":"Organization","@id":"https:\/\/herblaybasket.fr\/#organization","name":"Herblay Basketball Club","url":"https:\/\/herblaybasket.fr\/","logo":{"@type":"ImageObject","inLanguage":"fr-FR","@id":"https:\/\/herblaybasket.fr\/#\/schema\/logo\/image\/","url":"https:\/\/herblaybasket.fr\/wp-content\/uploads\/cropped-cropped-LOGO-HBBC-1.png","contentUrl":"https:\/\/herblaybasket.fr\/wp-content\/uploads\/cropped-cropped-LOGO-HBBC-1.png","width":200,"height":100,"caption":"Herblay Basketball Club"},"image":{"@id":"https:\/\/herblaybasket.fr\/#\/schema\/logo\/image\/"}}]}},"_links":{"self":[{"href":"https:\/\/herblaybasket.fr\/index.php?rest_route=\/wp\/v2\/pages\/708","targetHints":{"allow":["GET"]}}],"collection":[{"href":"https:\/\/herblaybasket.fr\/index.php?rest_route=\/wp\/v2\/pages"}],"about":[{"href":"https:\/\/herblaybasket.fr\/index.php?rest_route=\/wp\/v2\/types\/page"}],"author":[{"embeddable":true,"href":"https:\/\/herblaybasket.fr\/index.php?rest_route=\/wp\/v2\/users\/3"}],"replies":[{"embeddable":true,"href":"https:\/\/herblaybasket.fr\/index.php?rest_route=%2Fwp%2Fv2%2Fcomments&post=708"}],"version-history":[{"count":41,"href":"https:\/\/herblaybasket.fr\/index.php?rest_route=\/wp\/v2\/pages\/708\/revisions"}],"predecessor-version":[{"id":3521,"href":"https:\/\/herblaybasket.fr\/index.php?rest_route=\/wp\/v2\/pages\/708\/revisions\/3521"}],"wp:attachment":[{"href":"https:\/\/herblaybasket.fr\/index.php?rest_route=%2Fwp%2Fv2%2Fmedia&parent=708"}],"curies":[{"name":"wp","href":"https:\/\/api.w.org\/{rel}","templated":true}]}}